{"id":1991,"date":"2020-03-25T17:41:52","date_gmt":"2020-03-25T17:41:52","guid":{"rendered":"https:\/\/www.hivjusticeworldwide.org\/?page_id=1991\/"},"modified":"2023-09-20T16:25:40","modified_gmt":"2023-09-20T16:25:40","slug":"covid-19","status":"publish","type":"page","link":"https:\/\/www.hivjusticeworldwide.org\/en\/covid-19\/","title":{"rendered":"HIV JUSTICE WORLDWIDE STEERING COMMITTEE STATEMENT ON COVID-19 CRIMINALISATION"},"content":{"rendered":"<h2><em>Communicable diseases are public health issues, not criminal issues: what we have learnt from the HIV response<\/em><\/h2>\n<h3>Measures that are respectful of human rights and the empowering of communities are more effective than punishment and imprisonment.<\/h3>\n<p>As the world struggles with a new global pandemic, law- and policymakers are taking drastic measures in an attempt to minimise the spread of SARS-CoV-2, the virus that causes COVID-19. The situation continues to evolve rapidly and, as it does so, our liberties are being limited in unprecedented ways.<\/p>\n<p>We remind law- and policymakers that each and every limitation of rights should satisfy the five criteria of the <a href=\"http:\/\/hrlibrary.umn.edu\/instree\/siracusaprinciples.html\">Siracusa Principles<\/a>, as well as be of a limited duration and subject to review and appeal. These principles are:<\/p>\n<ul>\n<li><em>The restriction is provided for and carried out in accordance with the law;<\/em><\/li>\n<li><em>The restriction is in the interest of a legitimate objective of general interest;<\/em><\/li>\n<li><em>The restriction is strictly necessary in a democratic society to achieve the objective;<\/em><\/li>\n<li><em>There are no less intrusive and restrictive means available to reach the same objective;<\/em><\/li>\n<li><em>The restriction is based on scientific evidence and not drafted or imposed arbitrarily, that is in an unreasonable or otherwise discriminatory manner.<\/em><\/li>\n<\/ul>\n<p>We also warn law- and policymakers against the temptation to use the criminal law or other unjustified and disproportionate repressive measures in relation to COVID-19. These measures can be expected to have a devastating impact on the most vulnerable in society, including those who are homeless and\/or living in poverty, as well as individuals from marginalised and already stigmatised or criminalised communities \u2013 especially where no economic and social support is provided to allow people to protect themselves and others, including through self-isolation.<\/p>\n<p>As a <a href=\"http:\/\/hivjusticeworldwide.org\/\">global coalition<\/a> campaigning to abolish criminal and similar laws, policies and practices that regulate, control and punish people living with HIV based on their HIV-positive status, we know the <a href=\"https:\/\/academy.hivjustice.net\/theme\/how-criminalisation-undermines-hiv-response\/\" target=\"_blank\" rel=\"noopener\">deleterious consequences of the criminalisation of diseases on both human rights and public health<\/a>.<\/p>\n<h3>Criminalisation disproportionately impacts the most marginalised, stigmatised and the already criminalised people and communities in society.<\/h3>\n<p>Criminalisation is not an evidence-based response to public health issues. In fact, the use of the criminal law most often undermines public health by creating barriers to prevention, testing, care, and treatment \u2013 for example, people may not disclose their status or access treatment for fear of being criminalised. \u00a0It can also lead to ill-informed \u2018trial\u2019 by social and news media, and to a myriad of human rights violations, from arbitrary arrests and detentions to unfair trials (or no trials at all under new emergency measures) and harsh prison sentences. This can also lead to the spread of infections and communicable diseases in prisons and is of particular relevance in the context of COVID-19, which reveals, once again, the need to address overcrowding and other poor healthcare and sanitation conditions that are all too common in prisons and other closed settings.<\/p>\n<p>Our experience has taught us that hastily drafted laws, as well as law enforcement, driven by fear and panic, are unlikely to be guided by the best available scientific and medical evidence \u2013 especially where such science is unclear, complex and evolving. Given the context of a virus that can easily be transmitted by casual contact and where proof of actual exposure or transmission is not possible, we believe that the criminal justice system is unlikely to uphold principles of legal and judicial fairness, including the key criminal law principles of legality, foreseeability, intent, causality, proportionality and proof.<\/p>\n<h3>The human rights of those involved in criminal cases related to COVID-19 are at risk of being ignored or violated.<\/h3>\n<p>We therefore urge law- and policymakers, the media, and communities at large, to keep human rights front and centre as we collectively respond to a new public health crisis in a climate of fear and uncertainty. It is more critical than ever to commit to, and respect, human rights principles; ground public health measures in scientific evidence; and establish partnerships, trust, and co-operation between law- and policymakers and communities.<\/p>\n<p><strong>The <\/strong><strong>HIV JUSTICE WORLDWIDE Steering Committee, comprising: <a href=\"http:\/\/www.aidsactioneurope.org\/en\" target=\"_blank\" rel=\"noopener\">AIDS Action Europe<\/a>; <a href=\"http:\/\/arasa.info\/\" target=\"_blank\" rel=\"noopener\">AIDS and Rights Alliance for Southern Africa (ARASA)<\/a>; <a href=\"http:\/\/aidslaw.ca\/\" target=\"_blank\" rel=\"noopener\">Canadian HIV\/AIDS Legal Network<\/a>; <a href=\"https:\/\/gnpplus.net\" target=\"_blank\" rel=\"noopener\">Global Network of People Living with HIV (GNP+)<\/a>; <a href=\"https:\/\/www.hivjustice.net\" target=\"_blank\" rel=\"noopener\">HIV Justice Network<\/a>; \u00a0<a href=\"http:\/\/www.iamicw.org\" target=\"_blank\" rel=\"noopener\">International Community of Women Living with HIV (ICW)<\/a>; <a href=\"https:\/\/www.pwn-usa.org\" target=\"_blank\" rel=\"noopener\">Positive Women\u2019s Network \u2013 USA<\/a>; <a href=\"https:\/\/www.seroproject.com\" target=\"_blank\" rel=\"noopener\">Sero Project<\/a>; and <a href=\"https:\/\/www.southernafricalitigationcentre.org\" target=\"_blank\" rel=\"noopener\">Southern Africa Litigation Centre<\/a>.<\/strong><\/p>\n<p><strong>Additional references<\/strong><\/p>\n<p>Last week, a group of human rights experts at the United Nations warned governments against the<a href=\"https:\/\/hivjustice.us13.list-manage.com\/track\/click?u=24ef358a8ed074187991f576a&amp;id=3783186097&amp;e=e1ba03aa05\"> abuse<\/a><a href=\"https:\/\/hivjustice.us13.list-manage.com\/track\/click?u=24ef358a8ed074187991f576a&amp;id=3783186097&amp;e=e1ba03aa05\"> of<\/a><a href=\"https:\/\/hivjustice.us13.list-manage.com\/track\/click?u=24ef358a8ed074187991f576a&amp;id=3783186097&amp;e=e1ba03aa05\"> emergency measures to suppress human rights<\/a>:<\/p>\n<p>\u201cWhile we recognize the severity of the current health crisis and acknowledge that the use of emergency powers is allowed by international law in response to significant threats, we urgently remind States that any emergency responses to the coronavirus must be proportionate, necessary and non-discriminatory,\u201d the experts said. \u201cRestrictions should be narrowly tailored and should be the least intrusive means to protect public health.\u201d Also, authorities must seek to return life to normal and must avoid excessive use of emergency powers to indefinitely regulate day-to-day life.\u201d<\/p>\n<p>UNAIDS also <a href=\"https:\/\/www.unaids.org\/en\/resources\/documents\/2020\/human-rights-and-covid-19\">issued guidance last week<\/a> that included a number of recommendations, including recommending that States \u201cavoid the use of criminal laws when encouraging behaviours to slow the spread of the epidemic\u201d, noting that empowering and enabling people and communities to protect themselves and others will have a greater overall effect.<\/p>\n<p>And, as described <a href=\"https:\/\/law.yale.edu\/yls-today\/news\/public-health-and-law-experts-issue-guidelines-us-response-coronavirus-transmission\">in a recent open letter<\/a> by more than 800 public health and legal experts in the United States providing recommendations to government officials: \u201cVoluntary self-isolation measures [combined with education, widespread screening, and universal access to treatment] are more likely to induce cooperation and protect public trust than coercive measures and are more likely to prevent attempts to avoid contact with the healthcare system.\u201d<\/p>\n<ul>\n<li><strong><span class=\"tlid-translation translation\" lang=\"fr\"><span class=\"\" title=\"\"><a href=\"\/en\/covid-19\/\" target=\"_blank\" rel=\"noopener noreferrer\">Download the statement in English\u00a0<\/a><\/span><\/span><\/strong><\/li>\n<li><strong><span class=\"tlid-translation translation\" lang=\"fr\"><span class=\"\" title=\"\"><a href=\"\/fr\/covid-19\/\" target=\"_blank\" rel=\"noopener noreferrer\">T\u00e9l\u00e9chargez la d\u00e9claration en fran\u00e7ais<\/a>\u00a0<\/span><\/span><\/strong><\/li>\n<li><strong><span class=\"tlid-translation translation\" lang=\"ru\"><span class=\"\" title=\"\"> <a href=\"\/es\/covid-19\/\" target=\"_blank\" rel=\"noopener noreferrer\">Descargue la declaraci\u00f3n en espa\u00f1ol<\/a> <\/span><\/span><\/strong><\/li>\n<li><strong><span class=\"tlid-translation translation\" lang=\"ru\"><span class=\"\" title=\"\"><a href=\"\/ru\/%d0%b7%d0%b0%d1%8f%d0%b2%d0%bb%d0%b5%d0%bd%d0%b8%d0%b5-%d1%80%d1%83%d0%ba%d0%be%d0%b2%d0%be%d0%b4%d1%8f%d1%89%d0%b5%d0%b3%d0%be-%d0%ba%d0%be%d0%bc%d0%b8%d1%82%d0%b5%d1%82%d0%b0-%d0%bf%d0%be-%d0%b2\/\" target=\"_blank\" rel=\"noopener noreferrer\">\u0421\u043a\u0430\u0447\u0430\u0442\u044c \u0437\u0430\u044f\u0432\u043b\u0435\u043d\u0438\u0435 \u043d\u0430 \u0440\u0443\u0441\u0441\u043a\u043e\u043c \u044f\u0437\u044b\u043a\u0435<\/a><\/span><\/span><\/strong><\/li>\n<li><a href=\"https:\/\/www.hivjustice.net\/wp-content\/uploads\/2020\/05\/ARABIC-HIV-JUSTICE-WORLDWIDE-STEERING-COMMITTEE-STATEMENT-ON-COVID.pdf\" target=\"_blank\" rel=\"noopener\">\u00a0<span class=\"tlid-translation translation\" lang=\"ar\"><span class=\"\" title=\"\">\u062a\u062d\u0645\u064a\u0644 \u0627\u0644\u0628\u064a\u0627\u0646 \u0628\u0627\u0644\u0644\u063a\u0629 \u0627\u0644\u0639\u0631\u0628\u064a\u0629<\/span><\/span><\/a><\/li>\n<\/ul>\n","protected":false},"excerpt":{"rendered":"<p>Communicable diseases are public health issues, not criminal issues: what we have learnt from the HIV response Measures that are respectful of human rights and the empowering of communities are more effective than punishment and imprisonment. As the world struggles with a new global pandemic, law- and policymakers are taking drastic measures in an attempt [&hellip;]<\/p>\n","protected":false},"author":2,"featured_media":2088,"parent":0,"menu_order":57,"comment_status":"closed","ping_status":"closed","template":"","meta":[],"acf":[],"_links":{"self":[{"href":"https:\/\/www.hivjusticeworldwide.org\/en\/wp-json\/wp\/v2\/pages\/1991"}],"collection":[{"href":"https:\/\/www.hivjusticeworldwide.org\/en\/wp-json\/wp\/v2\/pages"}],"about":[{"href":"https:\/\/www.hivjusticeworldwide.org\/en\/wp-json\/wp\/v2\/types\/page"}],"author":[{"embeddable":true,"href":"https:\/\/www.hivjusticeworldwide.org\/en\/wp-json\/wp\/v2\/users\/2"}],"replies":[{"embeddable":true,"href":"https:\/\/www.hivjusticeworldwide.org\/en\/wp-json\/wp\/v2\/comments?post=1991"}],"version-history":[{"count":15,"href":"https:\/\/www.hivjusticeworldwide.org\/en\/wp-json\/wp\/v2\/pages\/1991\/revisions"}],"predecessor-version":[{"id":4004,"href":"https:\/\/www.hivjusticeworldwide.org\/en\/wp-json\/wp\/v2\/pages\/1991\/revisions\/4004"}],"wp:featuredmedia":[{"embeddable":true,"href":"https:\/\/www.hivjusticeworldwide.org\/en\/wp-json\/wp\/v2\/media\/2088"}],"wp:attachment":[{"href":"https:\/\/www.hivjusticeworldwide.org\/en\/wp-json\/wp\/v2\/media?parent=1991"}],"curies":[{"name":"wp","href":"https:\/\/api.w.org\/{rel}","templated":true}]}}