{"id":1104,"date":"2018-07-25T12:55:51","date_gmt":"2018-07-25T12:55:51","guid":{"rendered":"https:\/\/www.hivjusticeworldwide.org\/?page_id=1104\/"},"modified":"2023-11-06T16:14:44","modified_gmt":"2023-11-06T16:14:44","slug":"declaracion-de-consenso","status":"publish","type":"page","link":"https:\/\/www.hivjusticeworldwide.org\/es\/declaracion-de-consenso\/","title":{"rendered":"Declaraci\u00f3n de Consenso de Expertos"},"content":{"rendered":"<p><strong>sobre la Ciencia relativa al VIH en el contexto del derecho penal<\/strong><\/p>\n<p>Ante la preocupaci\u00f3n por el hecho de que los enjuiciamientos de las personas con el VIH no siempre se realizan siguiendo las mejores pruebas cient\u00edficas y m\u00e9dicas disponibles, 20 de las principales personas cient\u00edficas expertas en el VIH del mundo han redactado una Declaraci\u00f3n de Consenso de Expertos donde se aborda el uso de la ciencia del VIH en el sistema de justicia penal.<\/p>\n<p>La Declaraci\u00f3n de Consenso de Expertos ha sido redactada para ayudar a los expertos cient\u00edficos a la hora de valorar casos penales concretos y para alentar a los gobiernos y a las personas que trabajan en el sistema de justicia penal a tomar todas las medidas posibles para garantizar que la aplicaci\u00f3n del derecho penal en los casos relacionados con el VIH est\u00e9 basada en una comprensi\u00f3n correcta y completa del conocimiento cient\u00edfico actual.<\/p>\n<p>La Declaraci\u00f3n ofrece una opini\u00f3n experta sobre la din\u00e1mica de la transmisi\u00f3n individual del VIH (es decir, la \u00abposibilidad\u00bb de transmisi\u00f3n), el impacto a largo plazo de la infecci\u00f3n cr\u00f3nica por el VIH (es decir, el \u00abda\u00f1o\u00bb que produce el VIH) y la aplicaci\u00f3n del an\u00e1lisis filogen\u00e9tico (es decir, si se puede utilizar o no como \u00abprueba\u00bb definitiva de qui\u00e9n infect\u00f3 a qui\u00e9n). El equipo de cient\u00edficos realiz\u00f3 un an\u00e1lisis detallado de los datos procedentes de estudios cient\u00edficos y m\u00e9dicos sobre la transmisi\u00f3n del VIH, la eficacia del tratamiento y las pruebas forenses, y sus conclusiones han sido descritas de forma espec\u00edfica para ser comprendidas mejor en el contexto del derecho penal.<\/p>\n<p>La Declaraci\u00f3n se centra en la posibilidad de transmisi\u00f3n del VIH durante actos espec\u00edficos que se consideran com\u00fanmente en los enjuiciamientos (como ser\u00edan relaciones sexuales, mordiscos o esputos) a partir de evaluaciones a nivel individual, tal como se aplica en el contexto del derecho penal. La probabilidad de transmisi\u00f3n del VIH en el transcurso de una \u00fanica relaci\u00f3n espec\u00edfica se situ\u00f3 dentro de un continuo de riesgo y se se\u00f1al\u00f3 que dicha probabilidad var\u00eda en funci\u00f3n de una serie de factores interconectados, entre los que estar\u00edan la carga viral, el uso del preservativo o la adopci\u00f3n de pr\u00e1cticas sexuales m\u00e1s seguras. La evidencia actual sugiere que la probabilidad de transmisi\u00f3n del VIH durante un \u00fanico episodio de relaci\u00f3n sexual, mordedura o esputo estar\u00eda entre muy baja y nula.<\/p>\n<p>Entre las opiniones incluidas en la Declaraci\u00f3n por el grupo de personas expertas figuran:<\/p>\n<ul>\n<li>La probabilidad de que el VIH se transmita en el transcurso de una \u00fanica relaci\u00f3n sexual vaginal o anal ser\u00eda de baja a nula (v\u00e9ase m\u00e1s adelante qu\u00e9 factores importantes afectan la posibilidad de transmisi\u00f3n del virus).<\/li>\n<li>La probabilidad de que el VIH se transmita en el transcurso de una \u00fanica relaci\u00f3n sexual oral ser\u00eda de insignificante (en circunstancias muy inusuales y extremas) a nula (v\u00e9ase m\u00e1s adelante qu\u00e9 factores importantes afectan la posibilidad de transmisi\u00f3n del virus).<\/li>\n<li>No hay posibilidad de transmisi\u00f3n del VIH durante una \u00fanica relaci\u00f3n sexual vaginal, anal u oral en la que se haya utilizado correctamente un preservativo intacto.<\/li>\n<li>No hay posibilidad de transmisi\u00f3n del VIH durante una \u00fanica relaci\u00f3n sexual vaginal, anal u oral cuando la persona con el VIH tiene una carga viral indetectable.<\/li>\n<li>La probabilidad de transmisi\u00f3n del VIH durante una \u00fanica relaci\u00f3n sexual vaginal o anal cuando la persona con el VIH tiene una carga viral baja ser\u00eda de insignificante a nula.<\/li>\n<li>No existe la posibilidad de transmisi\u00f3n del VIH a trav\u00e9s de la saliva, incluso en el caso de que contenga peque\u00f1as cantidades de sangre.<\/li>\n<li>La probabilidad de que el VIH se transmita a trav\u00e9s de una mordedura ir\u00eda de insignificante (en circunstancias muy inusuales y extremas) a nula.<\/li>\n<li>El tratamiento antirretroviral de \u00faltima generaci\u00f3n ha mejorado la esperanza de vida de la mayor\u00eda de las personas con el VIH que cuentan con acceso al mismo, hasta el punto en que es similar a la de las personas seronegativas, un hecho que convierte a la infecci\u00f3n por el VIH en un problema de salud cr\u00f3nico manejable.<\/li>\n<li>El an\u00e1lisis filogen\u00e9tico puede ser compatible, pero no puede demostrar de forma concluyente, con la reclamaci\u00f3n de que una persona acusada haya infectado por el VIH a la demandante. Sin embargo, es importante se\u00f1alar que los resultados del an\u00e1lisis filogen\u00e9tico pueden exculpar a una persona acusada si sus resultados descartan que haya sido el origen de la infecci\u00f3n por el VIH de la parte demandante.<\/li>\n<\/ul>\n<p>La Declaraci\u00f3n de Consenso de Expertos cuenta con el respaldo de m\u00e1s de <a href=\"https:\/\/www.hivjusticeworldwide.org\/wp-content\/uploads\/2018\/07\/Endorsers-of-the-Expert-Consensus-Statement.pdf\" target=\"_blank\" rel=\"noopener noreferrer\">70 cient\u00edficos destacados de 46 pa\u00edse<\/a>s, adem\u00e1s de organismos como la <a href=\"https:\/\/www.iasociety.org\/\" target=\"_blank\" rel=\"noopener noreferrer\">Sociedad Internacional del SIDA<\/a> (IAS, en sus siglas en ingl\u00e9s), la <a href=\"http:\/\/www.iapac.org\/\" target=\"_blank\" rel=\"noopener noreferrer\">Asociaci\u00f3n Internacional de Proveedores en Atenci\u00f3n del SIDA <\/a>(IAPAC, en sus siglas en ingl\u00e9s) y el <a href=\"http:\/\/www.unaids.org\/es\" target=\"_blank\" rel=\"noopener noreferrer\">Programa Conjunto de las Naciones Unidas sobre el VIH\/SIDA<\/a> (ONUSIDA), y fue publicada originalmente en la edici\u00f3n de 25 de julio de 2018 del <em>Journal of the International AIDS Society<\/em> (JIAS), una revista cient\u00edfica revisada por pares.<\/p>\n<p>Puede descargar la Declaraci\u00f3n de Consenso de Expertos\u00a0en espa\u00f1ol\u00a0<a href=\"https:\/\/www.hivjusticeworldwide.org\/wp-content\/uploads\/2018\/07\/Spanish-Expert-Consensus-Statement.pdf\" target=\"_blank\" rel=\"noopener noreferrer\">aqu\u00ed<\/a>.<\/p>\n<p>Para obtener m\u00e1s informaci\u00f3n, ver <a href=\"\/es\/preguntas-frecuentes-declaracion-de-expertos\/\" target=\"_blank\" rel=\"noopener noreferrer\">preguntas frecuentes<\/a><\/p>\n","protected":false},"excerpt":{"rendered":"<p>sobre la Ciencia relativa al VIH en el contexto del derecho penal Ante la preocupaci\u00f3n por el hecho de que los enjuiciamientos de las personas con el VIH no siempre se realizan siguiendo las mejores pruebas cient\u00edficas y m\u00e9dicas disponibles, 20 de las principales personas cient\u00edficas expertas en el VIH del mundo han redactado una [&hellip;]<\/p>\n","protected":false},"author":1,"featured_media":0,"parent":0,"menu_order":68,"comment_status":"closed","ping_status":"closed","template":"","meta":[],"acf":[],"_links":{"self":[{"href":"https:\/\/www.hivjusticeworldwide.org\/es\/wp-json\/wp\/v2\/pages\/1104"}],"collection":[{"href":"https:\/\/www.hivjusticeworldwide.org\/es\/wp-json\/wp\/v2\/pages"}],"about":[{"href":"https:\/\/www.hivjusticeworldwide.org\/es\/wp-json\/wp\/v2\/types\/page"}],"author":[{"embeddable":true,"href":"https:\/\/www.hivjusticeworldwide.org\/es\/wp-json\/wp\/v2\/users\/1"}],"replies":[{"embeddable":true,"href":"https:\/\/www.hivjusticeworldwide.org\/es\/wp-json\/wp\/v2\/comments?post=1104"}],"version-history":[{"count":13,"href":"https:\/\/www.hivjusticeworldwide.org\/es\/wp-json\/wp\/v2\/pages\/1104\/revisions"}],"predecessor-version":[{"id":4073,"href":"https:\/\/www.hivjusticeworldwide.org\/es\/wp-json\/wp\/v2\/pages\/1104\/revisions\/4073"}],"wp:attachment":[{"href":"https:\/\/www.hivjusticeworldwide.org\/es\/wp-json\/wp\/v2\/media?parent=1104"}],"curies":[{"name":"wp","href":"https:\/\/api.w.org\/{rel}","templated":true}]}}