{"id":1395,"date":"2019-01-04T15:17:20","date_gmt":"2019-01-04T15:17:20","guid":{"rendered":"https:\/\/www.hivjusticeworldwide.org\/?page_id=1395\/"},"modified":"2023-09-22T15:59:42","modified_gmt":"2023-09-22T15:59:42","slug":"quienes-somos","status":"publish","type":"page","link":"https:\/\/www.hivjusticeworldwide.org\/es\/quienes-somos\/","title":{"rendered":"Qui\u00e9nes somos"},"content":{"rendered":"<p><span lang=\"ES-MX\">HIV JUSTICE WORLDWIDE (HJWW) es una coalici\u00f3n internacional que trabaja para incidir en el discurso sobre la criminalizaci\u00f3n del VIH, as\u00ed como para compartir informaci\u00f3n y recursos, establecer contactos, desarrollar capacidades, movilizar la promoci\u00f3n y cultivar una comunidad de transparencia y colaboraci\u00f3n.<\/span><\/p>\n<p>Creemos que esta criminalizaci\u00f3n del VIH no solo es discriminatoria, sino que tambi\u00e9n constituye una violaci\u00f3n de los derechos humanos, socava los esfuerzos de salud p\u00fablica y resulta contraproducente para la salud y el bienestar individual. <em><u><a href=\"https:\/\/www.hivjusticeworldwide.org\/es\/quienes-somos\/valores-y-principios\/\" target=\"_blank\" rel=\"noopener noreferrer\">Aqu\u00ed puedes leer m\u00e1s sobre los valores y principios en los que basamos nuestro trabajo.<\/a><\/u><\/em><\/p>\n<p>HIV JUSTICE WORLDWIDE fue fundada en marzo de 2016, durante <a href=\"https:\/\/www.youtube.com\/watch?v=SzYM_mKvlGU\" target=\"_blank\" rel=\"noopener\">un encuentro que tuvo lugar en Brighton<\/a> (Reino Unido), que fue posible gracias a una subvenci\u00f3n de <a href=\"http:\/\/www.robertcarrfund.org\/grantees\/people-living-hiv\/hiv-justice-global-consortium\/\">Robert Carr Fund<\/a>.<\/p>\n<p style=\"font-weight: 400;\"><strong>\u00bfPor qu\u00e9 necesitamos una coalici\u00f3n internacional que se oponga a la criminalizaci\u00f3n del VIH?<\/strong><\/p>\n<p style=\"font-weight: 400;\"><span lang=\"ES-MX\">La criminalizaci\u00f3n del VIH es un fen\u00f3meno mundial y una cuesti\u00f3n cr\u00edtica de salud p\u00fablica y derechos humanos. La respuesta necesita una acci\u00f3n colectiva y coordinada. Las voces de la sociedad civil desempe\u00f1an un papel fundamental en el movimiento global por el VIH y los derechos humanos. Como defensores de la justicia en materia de VIH y de otros movimientos de justicia social, estamos fortaleciendo nuestra capacidad de acci\u00f3n trabajando en coalici\u00f3n. Para mantener la criminalizaci\u00f3n del VIH en las agendas de los formuladores de pol\u00edticas \u2013incluidos los gobiernos nacionales, la comunidad jur\u00eddica y las instituciones internacionales\u2013 debemos seguir presionando.<\/span><\/p>\n<p><span lang=\"ES-MX\">Al coordinar nuestras actividades, podemos lograr el m\u00e1ximo impacto e influencia, al tiempo que garantizamos el uso eficiente de nuestros recursos (tanto humanos como financieros). Podemos evitar la duplicaci\u00f3n, compartir datos y experiencias, desarrollar capacidades, generar consenso y generar energ\u00eda y acci\u00f3n. Podemos ampliar nuestro alcance, conect\u00e1ndonos entre regiones, identidades e idiomas.<\/span><\/p>\n<p><span lang=\"ES-MX\">HJWW es una coalici\u00f3n formal con una secretar\u00eda, la HIV Justice Network. Con esta estructura, monitoreamos las leyes, los procesamientos penales y la incidencia, brindamos herramientas y capacitaci\u00f3n para una promoci\u00f3n y comunicaci\u00f3n efectivas, conectamos a una amplia gama de partes interesadas, hablamos con autoridad y convocamos eventos estrat\u00e9gicos. Cada miembro de la coalici\u00f3n puede lograr un impacto m\u00e1s alineado con la misi\u00f3n a trav\u00e9s de su participaci\u00f3n en HJWW. No podemos acabar con el VIH sin hacer realidad la justicia en materia de VIH en todo el mundo.<\/span><\/p>\n<p><strong><span lang=\"ES-MX\">\u00bfC\u00f3mo apoya HJWW la promoci\u00f3n a nivel nacional para poner fin a la criminalizaci\u00f3n del VIH?<\/span><\/strong><\/p>\n<p><span lang=\"ES-MX\">Dependiendo del contexto local, HJWW puede brindar o facilitar apoyo estrat\u00e9gico a organizaciones comunitarias, ONGs de derechos humanos, abogados defensores y defensores individuales y personas que viven con el VIH.<\/span><\/p>\n<p><span lang=\"ES-MX\">Dicho apoyo estrat\u00e9gico puede tomar la forma de informaci\u00f3n general y recursos para defensores, asistencia con respecto a procedimientos judiciales espec\u00edficos, asesoramiento sobre reformas legislativas o pol\u00edticas, apoyo con actividades de comunicaci\u00f3n e iniciativas de promoci\u00f3n, y\/o apoyo a actividades educativas destinadas a poner fin a la criminalizaci\u00f3n del VIH.<\/span><\/p>\n<p>Nuestros socios regionales \u2013<a href=\"https:\/\/arasa.info\/\" target=\"_blank\" rel=\"noopener\">ARASA<\/a> y <a href=\"https:\/\/www.southernafricalitigationcentre.org\/\" target=\"_blank\" rel=\"noopener\">SALC<\/a> (en \u00c1frica Angl\u00f3fona), la <a href=\"https:\/\/ewna.org\/\" target=\"_blank\" rel=\"noopener\">Eurasian Women\u2019s Network on AIDS<\/a> (en Europa del Este y Asia Central), <a href=\"https:\/\/www.hivlegalnetwork.ca\/\" target=\"_blank\" rel=\"noopener\">HIV Legal Network \/ R\u00e9seau Juridique VIH<\/a>\u00a0(en \u00c1frica franc\u00f3fona) y <a href=\"https:\/\/www.seroproject.com\/\" target=\"_blank\" rel=\"noopener\">Sero Project<\/a> (en Am\u00e9rica Latina y el Caribe) \u2013 realizan convocatorias anuales de peque\u00f1as subvenciones para apoyar la promoci\u00f3n y la capacitaci\u00f3n sobre la criminalizaci\u00f3n del VIH a grupos comunitarios. La <a href=\"http:\/\/www.hivjustice.net\/\" target=\"_blank\" rel=\"noopener\">HIV Justice Network <\/a>tambi\u00e9n considerar\u00e1 solicitudes ad hoc de peque\u00f1as subvenciones para el resto del mundo.<\/p>\n<p><span lang=\"ES-MX\">Lamentamos que HJWW no est\u00e9 en una posici\u00f3n de ofrecer asesor\u00eda legal, consejer\u00eda, u otras formas de apoyo sicosocial a individuos. <\/span><\/p>\n<p><span lang=\"ES-MX\">Toda solicitud de apoyo antes enunciada debe dirigirse en primera instancia a trav\u00e9s del formulario de <a href=\"https:\/\/www.hivjusticeworldwide.org\/es\/quienes-somos\/contact-us\/\">contacto<\/a>. <\/span><\/p>\n","protected":false},"excerpt":{"rendered":"<p>HIV JUSTICE WORLDWIDE (HJWW) es una coalici\u00f3n internacional que trabaja para incidir en el discurso sobre la criminalizaci\u00f3n del VIH, as\u00ed como para compartir informaci\u00f3n y recursos, establecer contactos, desarrollar capacidades, movilizar la promoci\u00f3n y cultivar una comunidad de transparencia y colaboraci\u00f3n. Creemos que esta criminalizaci\u00f3n del VIH no solo es discriminatoria, sino que tambi\u00e9n [&hellip;]<\/p>\n","protected":false},"author":3,"featured_media":1445,"parent":0,"menu_order":85,"comment_status":"closed","ping_status":"closed","template":"","meta":[],"acf":[],"_links":{"self":[{"href":"https:\/\/www.hivjusticeworldwide.org\/es\/wp-json\/wp\/v2\/pages\/1395"}],"collection":[{"href":"https:\/\/www.hivjusticeworldwide.org\/es\/wp-json\/wp\/v2\/pages"}],"about":[{"href":"https:\/\/www.hivjusticeworldwide.org\/es\/wp-json\/wp\/v2\/types\/page"}],"author":[{"embeddable":true,"href":"https:\/\/www.hivjusticeworldwide.org\/es\/wp-json\/wp\/v2\/users\/3"}],"replies":[{"embeddable":true,"href":"https:\/\/www.hivjusticeworldwide.org\/es\/wp-json\/wp\/v2\/comments?post=1395"}],"version-history":[{"count":11,"href":"https:\/\/www.hivjusticeworldwide.org\/es\/wp-json\/wp\/v2\/pages\/1395\/revisions"}],"predecessor-version":[{"id":4041,"href":"https:\/\/www.hivjusticeworldwide.org\/es\/wp-json\/wp\/v2\/pages\/1395\/revisions\/4041"}],"wp:featuredmedia":[{"embeddable":true,"href":"https:\/\/www.hivjusticeworldwide.org\/es\/wp-json\/wp\/v2\/media\/1445"}],"wp:attachment":[{"href":"https:\/\/www.hivjusticeworldwide.org\/es\/wp-json\/wp\/v2\/media?parent=1395"}],"curies":[{"name":"wp","href":"https:\/\/api.w.org\/{rel}","templated":true}]}}