{"id":1398,"date":"2017-06-22T14:42:29","date_gmt":"2017-06-22T14:42:29","guid":{"rendered":"https:\/\/www.hivjusticeworldwide.org\/?page_id=1398\/"},"modified":"2024-03-06T16:33:16","modified_gmt":"2024-03-06T16:33:16","slug":"contact-us","status":"publish","type":"page","link":"https:\/\/www.hivjusticeworldwide.org\/es\/quienes-somos\/contact-us\/","title":{"rendered":"Mant\u00e9ngase informado \/ Cont\u00e1ctenos"},"content":{"rendered":"<p style=\"font-weight: 400;\"><strong>BOLET\u00cdN HIV JUSTICE<\/strong><\/p>\n<p><span lang=\"ES-MX\">Mant\u00e9ngase informado, suscr\u00edbase al <a href=\"https:\/\/www.hivjustice.net\/newsletter\/\" target=\"_blank\" rel=\"noopener\">bolet\u00edn de noticias de HIV Justice Network.<\/a><\/span><\/p>\n<p style=\"font-weight: 400;\"><strong>BASE DE DATOS MUNDIAL SOBRE CRIMINALIZACI\u00d3N DEL VIH<\/strong><\/p>\n<p>Para encontrar organizaciones que trabajen cualquier aspecto de la criminalizaci\u00f3n del VIH (por ejemplo, incidencia, educaci\u00f3n, servicios legales, investigaci\u00f3n) puede <a href=\"https:\/\/www.hivjustice.net\/global-hiv-criminalisation-database\/orghttps:\/\/www.hivjustice.net\/global-hiv-criminalisation-database\/organisations\/anisations\/\" target=\"_blank\" rel=\"noopener\">usar la Base de Datos Mundial sobre Criminalizaci\u00f3n del VIH<\/a> para encontrar una organizaci\u00f3n en su \u00e1rea, pa\u00eds o regi\u00f3n.<\/p>\n<p>Si su organizaci\u00f3n trabaja en criminalizaci\u00f3n del VIH y a\u00fan no est\u00e1 en la lista, puede aparecer en la Base de Datos <a href=\"https:\/\/www.hivjustice.net\/organisations\/add-new-organisation\/\" target=\"_blank\" rel=\"noopener\">llenando este formato<\/a>.<\/p>\n<p><strong>MUESTRE SU APOYO <\/strong><\/p>\n<p><span lang=\"ES-MX\">Para mostrar su respaldo al movimiento y que el logo de su organizaci\u00f3n aparezca en nuestra lista de simpatizantes en la p\u00e1gina de inicio de este sitio web, por favor <a href=\"https:\/\/www.hivjusticeworldwide.org\/es\/show-your-support\/\">llene este formulario<\/a>.\u00a0<\/span><\/p>\n<p style=\"font-weight: 400;\"><strong>\u00daNASE A NUESTRA LISTA DE <\/strong><strong>DISTRIBUCI\u00d3N<\/strong><\/p>\n<p style=\"font-weight: 400;\">Si representa a una red u organizaci\u00f3n, puedes unirse a una de las listas de distribuci\u00f3n de \u00a0HIV JUSTICE WORLDWIDE y conectar con personas defensoras, investigadoras, abogadas, formuladoras de pol\u00edticas y otras personas que trabajan para poner fin a la criminalizaci\u00f3n del VIH, al igual que usted. Nuestras listas de distribuci\u00f3n son espacios para elaborar estrategias, compartir recursos, anunciar eventos, coordinar y buscar asesoramiento.<\/p>\n<p>\u00danase a la lista de distribuci\u00f3n en ingl\u00e9s: <a href=\"https:\/\/hivjusticeworldwide.groups.io\/g\/main\" target=\"_blank\" rel=\"noopener\">https:\/\/hivjusticeworldwide.groups.io\/g\/main<\/a><br \/>\n<span style=\"font-weight: 400;\">\u00danase a la lista de distribuci\u00f3n en franc\u00e9s:<\/span> <a href=\"https:\/\/hivjusticeworldwide.groups.io\/g\/Espacefrancophone\" target=\"_blank\" rel=\"noopener\">https:\/\/hivjusticeworldwide.groups.io\/g\/Espacefrancophone<\/a><br \/>\n\u00danase a la lista de distribuci\u00f3n en espa\u00f1ol: <a href=\"https:\/\/groups.google.com\/g\/lac-hiv-crim\">https:\/\/groups.google.com\/g\/lac-hiv-crim<\/a><\/p>\n<p style=\"font-weight: 400;\">Al suscribirse a cualquiera de nuestras listas de distribuci\u00f3n, usted acepta que los administradores deestas listas se reserven el derecho de agregar o eliminar miembros seg\u00fan la elegibilidad, el contenido y las reglas de etiqueta que rigen cada una de ellas. Tambi\u00e9n acepta que pueden almacenar cualquier dato que necesite proporcionar para unirse al servidor de listas.<\/p>\n<p><strong>CONT\u00c1CTENOS<\/strong><\/p>\n<p><span lang=\"ES-MX\">Dir\u00edjase <a href=\"https:\/\/www.hivjusticeworldwide.org\/es\/quienes-somos\/\">a esta p\u00e1gina<\/a> para conocer c\u00f3mo podemos apoyarle en su defensa. Desafortunadamente, no estamos en condiciones de ofrecer asesor\u00eda legal, consejer\u00eda u otro apoyo psicosocial a las personas. Para contactarnos sobre cualquier otro tema por favor complete el siguiente formulario. <\/span><\/p>\n","protected":false},"excerpt":{"rendered":"<p>BOLET\u00cdN HIV JUSTICE Mant\u00e9ngase informado, suscr\u00edbase al bolet\u00edn de noticias de HIV Justice Network. BASE DE DATOS MUNDIAL SOBRE CRIMINALIZACI\u00d3N DEL VIH Para encontrar organizaciones que trabajen cualquier aspecto de la criminalizaci\u00f3n del VIH (por ejemplo, incidencia, educaci\u00f3n, servicios legales, investigaci\u00f3n) puede usar la Base de Datos Mundial sobre Criminalizaci\u00f3n del VIH para encontrar una [&hellip;]<\/p>\n","protected":false},"author":1,"featured_media":0,"parent":1395,"menu_order":0,"comment_status":"closed","ping_status":"closed","template":"page-contact.php","meta":[],"acf":[],"_links":{"self":[{"href":"https:\/\/www.hivjusticeworldwide.org\/es\/wp-json\/wp\/v2\/pages\/1398"}],"collection":[{"href":"https:\/\/www.hivjusticeworldwide.org\/es\/wp-json\/wp\/v2\/pages"}],"about":[{"href":"https:\/\/www.hivjusticeworldwide.org\/es\/wp-json\/wp\/v2\/types\/page"}],"author":[{"embeddable":true,"href":"https:\/\/www.hivjusticeworldwide.org\/es\/wp-json\/wp\/v2\/users\/1"}],"replies":[{"embeddable":true,"href":"https:\/\/www.hivjusticeworldwide.org\/es\/wp-json\/wp\/v2\/comments?post=1398"}],"version-history":[{"count":15,"href":"https:\/\/www.hivjusticeworldwide.org\/es\/wp-json\/wp\/v2\/pages\/1398\/revisions"}],"predecessor-version":[{"id":4106,"href":"https:\/\/www.hivjusticeworldwide.org\/es\/wp-json\/wp\/v2\/pages\/1398\/revisions\/4106"}],"up":[{"embeddable":true,"href":"https:\/\/www.hivjusticeworldwide.org\/es\/wp-json\/wp\/v2\/pages\/1395"}],"wp:attachment":[{"href":"https:\/\/www.hivjusticeworldwide.org\/es\/wp-json\/wp\/v2\/media?parent=1398"}],"curies":[{"name":"wp","href":"https:\/\/api.w.org\/{rel}","templated":true}]}}