{"id":1400,"date":"2019-01-04T15:25:01","date_gmt":"2019-01-04T15:25:01","guid":{"rendered":"https:\/\/www.hivjusticeworldwide.org\/?page_id=1400\/"},"modified":"2019-01-07T13:42:37","modified_gmt":"2019-01-07T13:42:37","slug":"politicas-de-privacidad-y-proteccion-de-datos","status":"publish","type":"page","link":"https:\/\/www.hivjusticeworldwide.org\/es\/quienes-somos\/politicas-de-privacidad-y-proteccion-de-datos\/","title":{"rendered":"Pol\u00edticas de privacidad y protecci\u00f3n de datos"},"content":{"rendered":"<h2>I &#8211; Pol\u00edtica de privacidad<\/h2>\n<p>Esta pol\u00edtica se sigue en todas las p\u00e1ginas alojadas en <a href=\"https:\/\/www.hivjusticeworldwide.org\/es\/\" target=\"_blank\">www.hivjusticeworldwide.org\/es\/<\/a> y en el registro a su lista de correo. Por favor, lee el siguiente documento sobre estas pol\u00edticas para entender en qu\u00e9 modo se tratar\u00e1 tu informaci\u00f3n personal. En ocasiones esta pol\u00edtica puede cambiar, por lo que te rogamos que lo revises de forma peri\u00f3dica. HIV JUSTICE WORLDWIDE se compromete a garantizar la confidencialidad y seguridad de los datos personales<\/p>\n<p><strong>\u00bfQu\u00e9 informaci\u00f3n recopilamos?<\/strong><\/p>\n<p>Se considera informaci\u00f3n personal aquella que pueda ser utilizada para identificarte. En HIV JUSTICE WORLDWIDE recopilamos datos como tu nombre, direcci\u00f3n de correo electr\u00f3nico, pa\u00eds y nombre de su organizaci\u00f3n, si es procedente. Recopilamos informaci\u00f3n personal al registrarse para recibir nuestros boletines de noticias por correo electr\u00f3nico, unirse a nuestra lista de correo, participar en un evento, o hacernos una donaci\u00f3n. Estos datos personales solo se emplean para proporcionar los servicios o la informaci\u00f3n por los que contactaste con nosotros.<\/p>\n<p><strong> <strong>\u00bfC\u00f3mo utilizamos tus datos?<\/strong><\/strong><\/p>\n<p>Tus datos personales nos sirven para ayudarnos a entender mejor c\u00f3mo se utiliza nuestro sitio, para hacer que este sea m\u00e1s \u00fatil y para poder enviarte comunicaciones relevantes (como nuestros boletines electr\u00f3nicos) o para informarte sobre eventos relevantes que tengan lugar en tu zona. Tambi\u00e9n utilizamos esta informaci\u00f3n para ayudarnos a decidir si hay alg\u00fan otro recurso informativo que podamos desarrollar para satisfacer las necesidades de las personas que visitan nuestro sitio web. Adem\u00e1s, de forma ocasional, tambi\u00e9n podemos utilizar tus datos con fines administrativos, a fin de informarte sobre posibles cambios en nuestros servicios.<\/p>\n<p>No compartimos tus datos con terceras partes u organizaciones, excepto para proporcionar servicios directos de HIV JUSTICE WORLDWIDE. Podemos utilizar datos de la lista como estad\u00edsticas agregadas (de modo que no permiten una identificaci\u00f3n personal), \u00fanicamente para hacer un seguimiento del uso de la web.<\/p>\n<p>Si te has suscrito al bolet\u00edn electr\u00f3nico o a la lista de correo de HIV JUSTICE WORLDWIDE, te enviaremos comunicaciones de forma peri\u00f3dica, tal como se especifica en el formulario de inscripci\u00f3n.<\/p>\n<p>Puedes darte de baja del bolet\u00edn en cualquier momento a trav\u00e9s del enlace que encontrar\u00e1s en el propio bolet\u00edn, modificando tus preferencias en el programa de gesti\u00f3n de las listas de correo (listserv), o enviando un correo electr\u00f3nico a info[at]hivjusticeworldwide.org<\/p>\n<p><strong>Seguridad de la informaci\u00f3n<\/strong><\/p>\n<p>HIV Justice Network (en nombre de HIV JUSTICE WORLDWIDE) es la responsable de recopilar tu informaci\u00f3n personal. Cuando lo hacemos, empleamos procedimientos estrictos y herramientas de seguridad para evitar un acceso no autorizado a los datos. Puedes solicitar una copia de esta informaci\u00f3n simplemente haci\u00e9ndonos llegar un correo electr\u00f3nico a info[at]hivjusticeworldwide.org<\/p>\n<p><strong>C\u00f3mo utilizamos las cookies<\/strong><\/p>\n<p>Una cookie es un peque\u00f1o archivo de texto que, a trav\u00e9s del navegador web, se descarga en tu ordenador, tel\u00e9fono m\u00f3vil u otro dispositivo electr\u00f3nico, para que el sitio web te recuerde cuando vuelvas a visitarlo. Por s\u00ed solas, las cookies no sirven para identificarte. Ninguna parte de este sitio web establece cookies.<\/p>\n<p>HIV JUSTICE WORLDWIDE emplea el servicio Google Analytics para hacer el seguimiento del modo en que se utiliza este sitio web. Google Analytics utiliza cookies para la recopilaci\u00f3n de las estad\u00edsticas de uso de esta web, como por ejemplo, el pa\u00eds de origen de la persona usuaria o qu\u00e9 p\u00e1ginas visita mientras navega en el sitio web.<\/p>\n<p>Utilizamos esta informaci\u00f3n de distintos modos y as\u00ed examinamos c\u00f3mo se est\u00e1 empleando nuestro sitio web para evaluar su funcionamiento y ayudarnos a tomar decisiones sobre posibles mejoras en el mismo.<\/p>\n<p>Tambi\u00e9n utilizamos esta informaci\u00f3n para ayudarnos a decidir si es posible que exista alg\u00fan otro recurso informativo que podamos desarrollar para atender las necesidades de las personas que visitan el sitio web.<\/p>\n<p>Como organizaci\u00f3n sin \u00e1nimo de lucro que recibe financiaci\u00f3n p\u00fablica tambi\u00e9n tenemos la obligaci\u00f3n de rendir cuentas a nuestros financiadores y donantes sobre c\u00f3mo se est\u00e1 invirtiendo el dinero, por ejemplo, informando sobre el n\u00famero de personas que acceden a p\u00e1ginas relevantes del sitio web.<\/p>\n<p>Las cookies de Google Analytics solo se almacenan durante el tiempo en que est\u00e1s visitando este sitio web. Si no deseas recibir cookies, puede modificar f\u00e1cilmente la configuraci\u00f3n de tu navegador para que las rechace, o para que te notifique en el momento en que recibas una nueva cookie. Puedes consultar c\u00f3mo hacerlo <a href=\"http:\/\/www.allaboutcookies.org\/es\/\" target=\"_blank\">aqu\u00ed<\/a>.<\/p>\n<p>Este sitio web no utiliza ning\u00fan otro m\u00e9todo de seguimiento de las personas que lo usan.<\/p>\n<p>&nbsp;<\/p>\n<p><strong>Acceso y actualizaci\u00f3n de la informaci\u00f3n personal<\/strong><\/p>\n<p>Puedes averiguar cu\u00e1l es la informaci\u00f3n que tenemos sobre ti simplemente poni\u00e9ndote en contacto con nosotros en cualquier momento en info[at]hivjusticeworldwide.org<\/p>\n<p>Por favor, mant\u00e9n tus datos actualizados haci\u00e9ndonos constar cualquier cambio en tu informaci\u00f3n personal.<\/p>\n<p>Actualizado el 12 de mayo de 2018.<\/p>\n<p><strong>\u00a0<\/strong><\/p>\n<h2><strong>II &#8211; <strong>Pol\u00edtica de protecci\u00f3n de datos<\/strong><\/strong><\/h2>\n<p><strong>Prop\u00f3sito de la pol\u00edtica<\/strong><\/p>\n<p>HIV JUSTICE WORLDWIDE necesita recopilar y utilizar determinados datos sobre las personas con el fin de poder ofrecer sus servicios. Entre estas personas estar\u00edan usuarios individuales, suscriptores, proveedores, empleados y otras personas con las que la organizaci\u00f3n tiene una relaci\u00f3n o con las que puede necesitar contactar en alg\u00fan momento.<\/p>\n<p>Este documento de pol\u00edticas describe el modo en que estos datos personales se van a recopilar, manejar y almacenar para cumplir con la Reglamento General de Protecci\u00f3n de Datos (GDPR, en sus siglas en ingl\u00e9s).<\/p>\n<p><strong>Declaraci\u00f3n de pol\u00edtica<\/strong><\/p>\n<p>HIV JUSTICE WORLDWIDE se compromete a proteger los derechos y la privacidad de las personas usuarias de sus servicios, as\u00ed como los del personal y otras personas de acuerdo con lo estipulado en el GDPR.<\/p>\n<p>HIV\u00a0JUSTICE WORLDWIDE se compromete a:<\/p>\n<ul>\n<li>Cumplir tanto con la ley como con las buenas pr\u00e1cticas.<\/li>\n<li>Respetar los derechos de las personas.<\/li>\n<li>Mantener una actitud abierta y honesta con las personas de cuyos datos disponemos.<\/li>\n<li>Proporcionar formaci\u00f3n y apoyo al personal que maneja los datos personales, de modo que puedan actuar de forma confidencial y coherente.<\/li>\n<\/ul>\n<p><strong>Principios de protecci\u00f3n de datos<\/strong><\/p>\n<p>Existen seis principios de protecci\u00f3n de datos fundamentales para el GDPR y HIV JUSTICE WORLDWIDE realizar\u00e1 todos los esfuerzos posibles para cumplir constantemente con ellos en nuestras pr\u00e1cticas de manejo de la informaci\u00f3n. Dichos principios son:<\/p>\n<ul>\n<li><strong>Legal, justo y transparente<\/strong><strong>:<\/strong> la recolecci\u00f3n de datos debe realizarse de forma justa, para cumplir un prop\u00f3sito legal y debemos ser abiertos y transparentes en cuanto al modo en que se van a utilizar esos datos.<\/li>\n<li><strong>Limitado a su prop\u00f3sito<\/strong>: La informaci\u00f3n se recoge con un fin espec\u00edfico, expl\u00edcito y leg\u00edtimo y no se trata luego de manera incompatible con dicho fin. El tratamiento posterior de los datos para su almacenamiento por inter\u00e9s p\u00fablico o para realizar investigaci\u00f3n cient\u00edfica o hist\u00f3rica no se considerar\u00e1 incompatible con los fines iniciales.<\/li>\n<li><strong>Minimizaci\u00f3n de los datos<\/strong>: La informaci\u00f3n recogida debe ser necesaria y no exceder su prop\u00f3sito.<\/li>\n<\/ul>\n<ul>\n<li><strong>Preciso:<\/strong> Los datos almacenados deben ser exactos y mantenerse actualizados.<\/li>\n<li><strong>Retenci\u00f3n<\/strong>: No podemos almacenar los datos m\u00e1s tiempo del necesario.<\/li>\n<\/ul>\n<ul>\n<li><strong>Integridad y confidencialidad:<\/strong> La informaci\u00f3n que almacenamos debe mantenerse segura y protegida.<\/li>\n<\/ul>\n<p><strong>Responsabilidades<\/strong><\/p>\n<p>La, o las, personas responsables de la entidad deber\u00e1n asumir la responsabilidad de que la organizaci\u00f3n cumpla con esta pol\u00edtica de manera continua, as\u00ed como de la revisi\u00f3n anual de la misma.<\/p>\n<p><strong>Registro, seguridad y almacenamiento de datos<\/strong><\/p>\n<p>HIV JUSTICE WORLDWIDE garantizar\u00e1 que todos los datos personales que procesamos son exactos, adecuados, pertinentes y no excesivos, teniendo en cuenta la finalidad para la que fueron obtenidos. Los datos personales obtenidos por un fin concreto no ser\u00e1n procesados para otro motivo a menos que la persona afectada haya accedido a ellos o sea razonable que podr\u00eda esperar que sucediese.<\/p>\n<p>HIV JUSTICE WORLDWIDE mantendr\u00e1 la seguridad de los datos personales seguros frente a su p\u00e9rdida o su mal uso. En caso de que terceras organizaciones procesaran los datos personales como servicio realizado en nuestro nombre, estableceremos qu\u00e9 medidas espec\u00edficas adicionales de seguridad de datos (de ser necesarias) deben incluirse en los contratos con dichas organizaciones.<\/p>\n<p>En los casos en que los datos se almacenen en papel impreso, se mantendr\u00e1n en un lugar seguro donde \u00fanicamente las personas autorizadas puedan acceder a ellos.<\/p>\n<ul>\n<li>Los datos impresos se destruir\u00e1n cuando ya no sean necesarios.<\/li>\n<li>Los datos almacenados en un ordenador estar\u00e1n protegidos con contrase\u00f1a.<\/li>\n<li>Los servicios \u2018en la nube\u2019 para almacenar datos personales ser\u00e1n evaluados para comprobar que cumplan los principios de GDPR.<\/li>\n<li>Deber\u00e1 disponerse de soluciones adecuadas para hacer copias de seguridad y recuperaci\u00f3n de datos en caso de cat\u00e1strofe.<\/li>\n<li>Se aplicar\u00e1n las medidas t\u00e9cnicas adecuadas para mantener la seguridad de los datos.<\/li>\n<\/ul>\n<p>HIV JUSTICE WORLDWIDE no retendr\u00e1 en su poder los datos personales m\u00e1s tiempo del adecuado. En las auditor\u00edas de rutina se revisar\u00e1 el tiempo durante el que se guardan los datos personales.<\/p>\n<p><strong>Cualquier persona u organizaci\u00f3n puede preguntar sobre sus datos en nuestro poder y esa informaci\u00f3n puede borrarse si as\u00ed se solicita. <\/strong><\/p>\n<p><strong>Rendici\u00f3n de cuentas y transparencia<\/strong><\/p>\n<p>HIV JUSTICE WORLDWIDE garantizar\u00e1 la rendici\u00f3n de cuentas y la transparencia en todo uso de los datos personales que hagamos. Se mantendr\u00e1n registros escritos y actualizados de todas nuestras actividades de procesamiento de datos y nos aseguraremos de que cumplan todos y cada uno de los principios del Reglamento General de Protecci\u00f3n de Datos.<\/p>\n<p>Realizaremos la revisi\u00f3n peri\u00f3dica de nuestras actividades de procesamiento de datos e implementaremos por dise\u00f1o todas las medidas para garantizar la privacidad, incluyendo la minimizaci\u00f3n de datos, la transparencia y la mejora continua de la seguridad y de los procedimientos de privacidad.<\/p>\n<p><strong>Consentimiento<\/strong><\/p>\n<p>HIV\u00a0JUSTICE WORLDWIDE garantizar\u00e1 que los consentimientos sean espec\u00edficos, informados y en lenguaje claro, para garantizar que las personas entienden por qu\u00e9 se recopila su informaci\u00f3n, con qui\u00e9n se compartir\u00e1 y las posibles consecuencias de aceptar o rechazar el uso propuesto de los datos.<\/p>\n<p>En los casos en que se emplee el consentimiento como base legal para realizar el procesamiento de datos, se deber\u00e1 conservar tambi\u00e9n la prueba de dicho consentimiento junto con la informaci\u00f3n personal.<\/p>\n<p>En los casos en se env\u00eden comunicaciones a personas que hayan dado su consentimiento, se pondr\u00e1 claramente visible la opci\u00f3n de retirar el consentimiento. Se implementar\u00e1n medios para garantizar que dichas peticiones se reflejen de forma precisa en nuestros sistemas.<\/p>\n<p><strong>Solicitudes de acceso por las personas sujeto<\/strong><\/p>\n<p>Las personas tienen derecho a acceder a sus datos personales. HIV JUSTICE WORLDWIDE le proporcionar\u00e1 a la persona que lo solicite una copia de la informaci\u00f3n sin costo alguno. Esto tendr\u00e1 lugar antes de un mes a partir de la recepci\u00f3n de la solicitud. Si deseas una copia de tu informaci\u00f3n personal, puedes escribirnos un correo electr\u00f3nico a info[at]hivjusticeworldwide.org.<\/p>\n<p>Puedes cancelar la suscripci\u00f3n en cualquier momento simplemente escribi\u00e9ndonos un correo electr\u00f3nico directamente a info[at]hivjusticeworldwide.org o haciendo clic en el enlace para cancelar la suscripci\u00f3n que encontrar\u00e1s en el pie de p\u00e1gina de todos nuestros correos electr\u00f3nicos.<\/p>\n<p>Actualizado el 14 de mayo de 2018<\/p>\n","protected":false},"excerpt":{"rendered":"<p>I &#8211; Pol\u00edtica de privacidad Esta pol\u00edtica se sigue en todas las p\u00e1ginas alojadas en www.hivjusticeworldwide.org\/es\/ y en el registro a su lista de correo. Por favor, lee el siguiente documento sobre estas pol\u00edticas para entender en qu\u00e9 modo se tratar\u00e1 tu informaci\u00f3n personal. En ocasiones esta pol\u00edtica puede cambiar, por lo que te rogamos [&hellip;]<\/p>\n","protected":false},"author":3,"featured_media":0,"parent":1395,"menu_order":0,"comment_status":"closed","ping_status":"closed","template":"","meta":[],"acf":[],"_links":{"self":[{"href":"https:\/\/www.hivjusticeworldwide.org\/es\/wp-json\/wp\/v2\/pages\/1400"}],"collection":[{"href":"https:\/\/www.hivjusticeworldwide.org\/es\/wp-json\/wp\/v2\/pages"}],"about":[{"href":"https:\/\/www.hivjusticeworldwide.org\/es\/wp-json\/wp\/v2\/types\/page"}],"author":[{"embeddable":true,"href":"https:\/\/www.hivjusticeworldwide.org\/es\/wp-json\/wp\/v2\/users\/3"}],"replies":[{"embeddable":true,"href":"https:\/\/www.hivjusticeworldwide.org\/es\/wp-json\/wp\/v2\/comments?post=1400"}],"version-history":[{"count":3,"href":"https:\/\/www.hivjusticeworldwide.org\/es\/wp-json\/wp\/v2\/pages\/1400\/revisions"}],"predecessor-version":[{"id":1447,"href":"https:\/\/www.hivjusticeworldwide.org\/es\/wp-json\/wp\/v2\/pages\/1400\/revisions\/1447"}],"up":[{"embeddable":true,"href":"https:\/\/www.hivjusticeworldwide.org\/es\/wp-json\/wp\/v2\/pages\/1395"}],"wp:attachment":[{"href":"https:\/\/www.hivjusticeworldwide.org\/es\/wp-json\/wp\/v2\/media?parent=1400"}],"curies":[{"name":"wp","href":"https:\/\/api.w.org\/{rel}","templated":true}]}}