{"id":1404,"date":"2019-01-04T15:34:07","date_gmt":"2019-01-04T15:34:07","guid":{"rendered":"https:\/\/www.hivjusticeworldwide.org\/?page_id=1404\/"},"modified":"2023-09-20T07:48:54","modified_gmt":"2023-09-20T07:48:54","slug":"valores-y-principios","status":"publish","type":"page","link":"https:\/\/www.hivjusticeworldwide.org\/es\/quienes-somos\/valores-y-principios\/","title":{"rendered":"Valores y principios"},"content":{"rendered":"<h3>Misi\u00f3n<\/h3>\n<p>La misi\u00f3n de HIV JUSTICE WORLDWIDE es intentar conseguir la abolici\u00f3n de leyes, pol\u00edticas y pr\u00e1cticas del \u00e1mbito penal, o similar, que regulan, controlan y castigan a las personas con el VIH debido a su estado serol\u00f3gico.<\/p>\n<h3>Parte I. En qu\u00e9 creemos<\/h3>\n<ul>\n<li>Creemos que la criminalizaci\u00f3n del VIH constituye una pr\u00e1ctica discriminatoria, una violaci\u00f3n de los derechos humanos que socava la salud p\u00fablica y que resulta perjudicial para la salud y el bienestar de las personas.<\/li>\n<li>Creemos que la criminalizaci\u00f3n del VIH forma parte de un problema mayor de b\u00fasqueda de chivos expiatorios, persecuci\u00f3n, acoso y control de las comunidades vulnerables y marginadas.<\/li>\n<li>Creemos que los esfuerzos para poner fin a la criminalizaci\u00f3n del VIH deber\u00edan estar liderados por quienes se ven m\u00e1s afectados, incluyendo las personas con el VIH y las organizaciones, redes de colaboraci\u00f3n e instituciones dirigidas por personas con el VIH y\/o por las personas m\u00e1s afectadas por esas legislaciones y enjuiciamientos.<\/li>\n<li>Creemos que las perspectivas de las personas m\u00e1s afectadas por un problema deber\u00edan ser primordiales en los procesos de toma de decisiones.<\/li>\n<li>Creemos que las diferencias regionales son relevantes y respetamos el conocimiento y liderazgo locales.<\/li>\n<\/ul>\n<h3>Parte II. Nuestros compromisos<\/h3>\n<ul>\n<li>Nos comprometemos con un enfoque intersectorial en nuestro trabajo contra la criminalizaci\u00f3n del VIH, lo que incluye el establecimiento de alianzas activas con otras comunidades criminalizadas.<\/li>\n<li>Nos comprometemos con un liderazgo de las comunidades m\u00e1s afectadas por la criminalizaci\u00f3n y que ser\u00e1n las m\u00e1s afectadas por cualquier decisi\u00f3n tomada por el Comit\u00e9 Directivo.<\/li>\n<li>Nos comprometemos con el apoyo a una participaci\u00f3n equitativa de los socios y las comunidades.<\/li>\n<li>Nos comprometemos con la transparencia en nuestro trabajo, incluyendo la transparencia econ\u00f3mica y en la toma de decisiones.<\/li>\n<\/ul>\n<h3>Parte III. Nuestro enfoque<\/h3>\n<ul>\n<li>Enfocamos nuestro trabajo con la intenci\u00f3n de apoyar un creciente movimiento mundial que pretende poner fin a la criminalizaci\u00f3n tanto del VIH como de las comunidades m\u00e1s afectadas por esta infecci\u00f3n.<\/li>\n<li>Con este fin valoramos la creaci\u00f3n de relaciones colaborativas y alianzas estrat\u00e9gicas con otras organizaciones socio que comparten nuestra misi\u00f3n, valores y objetivos.<\/li>\n<li>Nuestra organizaci\u00f3n valora la coordinaci\u00f3n, la estrategia y la transparencia, de modo que se maximicen y compartan los recursos para alcanzar nuestra visi\u00f3n de un mundo en el que se haya erradicado la criminalizaci\u00f3n de las personas con el VIH.<\/li>\n<\/ul>\n","protected":false},"excerpt":{"rendered":"<p>Misi\u00f3n La misi\u00f3n de HIV JUSTICE WORLDWIDE es intentar conseguir la abolici\u00f3n de leyes, pol\u00edticas y pr\u00e1cticas del \u00e1mbito penal, o similar, que regulan, controlan y castigan a las personas con el VIH debido a su estado serol\u00f3gico. Parte I. En qu\u00e9 creemos Creemos que la criminalizaci\u00f3n del VIH constituye una pr\u00e1ctica discriminatoria, una violaci\u00f3n [&hellip;]<\/p>\n","protected":false},"author":3,"featured_media":0,"parent":1395,"menu_order":0,"comment_status":"closed","ping_status":"closed","template":"","meta":[],"acf":[],"_links":{"self":[{"href":"https:\/\/www.hivjusticeworldwide.org\/es\/wp-json\/wp\/v2\/pages\/1404"}],"collection":[{"href":"https:\/\/www.hivjusticeworldwide.org\/es\/wp-json\/wp\/v2\/pages"}],"about":[{"href":"https:\/\/www.hivjusticeworldwide.org\/es\/wp-json\/wp\/v2\/types\/page"}],"author":[{"embeddable":true,"href":"https:\/\/www.hivjusticeworldwide.org\/es\/wp-json\/wp\/v2\/users\/3"}],"replies":[{"embeddable":true,"href":"https:\/\/www.hivjusticeworldwide.org\/es\/wp-json\/wp\/v2\/comments?post=1404"}],"version-history":[{"count":1,"href":"https:\/\/www.hivjusticeworldwide.org\/es\/wp-json\/wp\/v2\/pages\/1404\/revisions"}],"predecessor-version":[{"id":1405,"href":"https:\/\/www.hivjusticeworldwide.org\/es\/wp-json\/wp\/v2\/pages\/1404\/revisions\/1405"}],"up":[{"embeddable":true,"href":"https:\/\/www.hivjusticeworldwide.org\/es\/wp-json\/wp\/v2\/pages\/1395"}],"wp:attachment":[{"href":"https:\/\/www.hivjusticeworldwide.org\/es\/wp-json\/wp\/v2\/media?parent=1404"}],"curies":[{"name":"wp","href":"https:\/\/api.w.org\/{rel}","templated":true}]}}