{"id":1408,"date":"2019-01-04T15:46:44","date_gmt":"2019-01-04T15:46:44","guid":{"rendered":"https:\/\/www.hivjusticeworldwide.org\/?page_id=1408\/"},"modified":"2023-09-20T18:07:19","modified_gmt":"2023-09-20T18:07:19","slug":"show-your-support","status":"publish","type":"page","link":"https:\/\/www.hivjusticeworldwide.org\/es\/show-your-support\/","title":{"rendered":"\u00a1Gracias por apoyar la JUSTICIA DEL VIH EN TODO EL MUNDO!"},"content":{"rendered":"<p style=\"font-weight: 400;\">Al completar este formulario y enviar los datos de su organizaci\u00f3n, confirma que est\u00e1 autorizado para hacerlo por la organizaci\u00f3n que representa.<\/p>\n<p style=\"font-weight: 400;\">Mostrar su apoyo a HIV JUSTICE WORLDWIDE (HJWW) significa que el nombre de su organizaci\u00f3n puede aparecer p\u00fablicamente en un peque\u00f1o cuadro en la secci\u00f3n de Partidarios del sitio web de HJWW. Si tambi\u00e9n proporciona el logotipo de su organizaci\u00f3n, aparecer\u00e1 en lugar del nombre. Si tambi\u00e9n proporciona una URL al sitio web de la organizaci\u00f3n, se podr\u00e1 hacer clic en el cuadro y se vincular\u00e1 a esa URL.<\/p>\n<p style=\"font-weight: 400;\">Si no desea que su organizaci\u00f3n aparezca en nuestro sitio web, puede marcar \u00absolo para uso interno\u00bb m\u00e1s abajo.<\/p>\n<p style=\"font-weight: 400;\">El resto de datos que te solicitamos (\u00e1mbito de la organizaci\u00f3n, persona de contacto, direcci\u00f3n, etc.) nunca se mostrar\u00e1n p\u00fablicamente y son \u00fanicamente para uso interno.<\/p>\n<p style=\"font-weight: 400;\">Ser simpatizante de HIV JUSTICE WORLDWIDE implica que est\u00e1 de acuerdo con la siguiente declaraci\u00f3n y nuestros valores y principios.<\/p>\n","protected":false},"excerpt":{"rendered":"<p>Al completar este formulario y enviar los datos de su organizaci\u00f3n, confirma que est\u00e1 autorizado para hacerlo por la organizaci\u00f3n que representa. Mostrar su apoyo a HIV JUSTICE WORLDWIDE (HJWW) significa que el nombre de su organizaci\u00f3n puede aparecer p\u00fablicamente en un peque\u00f1o cuadro en la secci\u00f3n de Partidarios del sitio web de HJWW. Si [&hellip;]<\/p>\n","protected":false},"author":3,"featured_media":0,"parent":0,"menu_order":93,"comment_status":"closed","ping_status":"closed","template":"page-join.php","meta":[],"acf":[],"_links":{"self":[{"href":"https:\/\/www.hivjusticeworldwide.org\/es\/wp-json\/wp\/v2\/pages\/1408"}],"collection":[{"href":"https:\/\/www.hivjusticeworldwide.org\/es\/wp-json\/wp\/v2\/pages"}],"about":[{"href":"https:\/\/www.hivjusticeworldwide.org\/es\/wp-json\/wp\/v2\/types\/page"}],"author":[{"embeddable":true,"href":"https:\/\/www.hivjusticeworldwide.org\/es\/wp-json\/wp\/v2\/users\/3"}],"replies":[{"embeddable":true,"href":"https:\/\/www.hivjusticeworldwide.org\/es\/wp-json\/wp\/v2\/comments?post=1408"}],"version-history":[{"count":7,"href":"https:\/\/www.hivjusticeworldwide.org\/es\/wp-json\/wp\/v2\/pages\/1408\/revisions"}],"predecessor-version":[{"id":4023,"href":"https:\/\/www.hivjusticeworldwide.org\/es\/wp-json\/wp\/v2\/pages\/1408\/revisions\/4023"}],"wp:attachment":[{"href":"https:\/\/www.hivjusticeworldwide.org\/es\/wp-json\/wp\/v2\/media?parent=1408"}],"curies":[{"name":"wp","href":"https:\/\/api.w.org\/{rel}","templated":true}]}}