{"id":1747,"date":"2019-03-25T11:52:05","date_gmt":"2019-03-25T11:52:05","guid":{"rendered":"https:\/\/www.hivjusticeworldwide.org\/?page_id=1747\/"},"modified":"2023-03-14T23:18:13","modified_gmt":"2023-03-14T23:18:13","slug":"informes-regionales-sobre-la-criminalizacion-del-vih","status":"publish","type":"page","link":"https:\/\/www.hivjusticeworldwide.org\/es\/informes-regionales-sobre-la-criminalizacion-del-vih\/","title":{"rendered":"Informes regionales sobre la criminalizaci\u00f3n del VIH"},"content":{"rendered":"<p>Entre noviembre de 2017 y octubre de 2018, los centros regionales de HIV JUSTICE WORLDWIDE en \u00c1frica franc\u00f3fona, Europa oriental y Asia central; Am\u00e9rica Latina y el Caribe y Asia produjeron informes regionales sobre la criminalizaci\u00f3n del VIH, que resumen el estado de las leyes que criminalizan el VIH y los juicios que se han dado en esos pa\u00edses.<\/p>\n<p>Estos informes ya se est\u00e1n utilizado para resaltar aquellas leyes injustas y proceso judiciales; para que sirvan de ayuda a los defensores de casos que se presenten en esos pa\u00edses, y as\u00ed mismo sean un punto de referencia para una mayor promoci\u00f3n y an\u00e1lisis.<\/p>\n<p>Click on the link below to download each report as a PDF.<\/p>\n<p><img decoding=\"async\" loading=\"lazy\" class=\"no-resize aligncenter wp-image-1338 size-medium\" src=\"https:\/\/www.hivjusticeworldwide.org\/wp-content\/uploads\/2018\/11\/Africa-image-1-200x283.png\" alt=\"Africa image\" width=\"211\" height=\"300\" \/> <a href=\"https:\/\/www.hivjusticeworldwide.org\/wp-content\/uploads\/2018\/11\/HJWW-Francophone-Africa-Regional-HIV-Criminalization-Report-1.pdf\" rel=\"\">Informe sobre criminalizaci\u00f3n del VIH en la regi\u00f3n franc\u00f3fona de \u00c1frica Nov. 2017 (PDF)<\/a><\/p>\n<p><img decoding=\"async\" loading=\"lazy\" class=\"no-resize aligncenter size-medium wp-image-1323\" src=\"https:\/\/www.hivjusticeworldwide.org\/wp-content\/uploads\/2018\/11\/EECAA-image-521x740.png\" alt=\"EECAA image\" width=\"211\" height=\"300\" srcset=\"https:\/\/www.hivjusticeworldwide.org\/wp-content\/uploads\/2018\/11\/EECAA-image.png 521w, https:\/\/www.hivjusticeworldwide.org\/wp-content\/uploads\/2018\/11\/EECAA-image-400x568.png 400w\" sizes=\"(max-width: 211px) 100vw, 211px\" \/> <a href=\"https:\/\/www.hivjusticeworldwide.org\/wp-content\/uploads\/2018\/11\/HJWW-EECA-Regional-HIV-Criminalisation-Report.pdf\" rel=\"\">Informe sobre la penalizaci\u00f3n del VIH en la regi\u00f3n de Europa oriental y Asia central, Dic. 2017 (PDF)<\/a><\/p>\n<p><img decoding=\"async\" loading=\"lazy\" class=\"no-resize aligncenter size-medium wp-image-1327\" src=\"https:\/\/www.hivjusticeworldwide.org\/wp-content\/uploads\/2018\/11\/LAC-image-524x736.png\" alt=\"LAC image\" width=\"211\" height=\"300\" \/><a href=\"https:\/\/www.hivjusticeworldwide.org\/wp-content\/uploads\/2018\/11\/HJWW-LAC-HIV-Criminalisation-Report-July-2018.pdf\">Informe sobre la criminalizaci\u00f3n del VIH en la regi\u00f3n de Am\u00e9rica Latina y el Caribe, dic.2017 (PDF)<\/a><\/p>\n<p><img decoding=\"async\" loading=\"lazy\" class=\"no-resize aligncenter size-medium wp-image-1319\" src=\"https:\/\/www.hivjusticeworldwide.org\/wp-content\/uploads\/2018\/11\/Asia-image-523x740.png\" alt=\"Asia image\" width=\"212\" height=\"300\" srcset=\"https:\/\/www.hivjusticeworldwide.org\/wp-content\/uploads\/2018\/11\/Asia-image.png 523w, https:\/\/www.hivjusticeworldwide.org\/wp-content\/uploads\/2018\/11\/Asia-image-400x566.png 400w\" sizes=\"(max-width: 212px) 100vw, 212px\" \/><a href=\"https:\/\/www.hivjusticeworldwide.org\/wp-content\/uploads\/2018\/11\/HJWW-Asia-Regional-HIV-Criminalization-Report-Oct-2018.pdf\" rel=\"\">Informe sobre la criminalizaci\u00f3n del VIH en la regi\u00f3n de Asia, oct. 2018 (PDF)<\/a><\/p>\n","protected":false},"excerpt":{"rendered":"<p>Entre noviembre de 2017 y octubre de 2018, los centros regionales de HIV JUSTICE WORLDWIDE en \u00c1frica franc\u00f3fona, Europa oriental y Asia central; Am\u00e9rica Latina y el Caribe y Asia produjeron informes regionales sobre la criminalizaci\u00f3n del VIH, que resumen el estado de las leyes que criminalizan el VIH y los juicios que se han [&hellip;]<\/p>\n","protected":false},"author":3,"featured_media":1309,"parent":0,"menu_order":80,"comment_status":"closed","ping_status":"closed","template":"","meta":[],"acf":[],"_links":{"self":[{"href":"https:\/\/www.hivjusticeworldwide.org\/es\/wp-json\/wp\/v2\/pages\/1747"}],"collection":[{"href":"https:\/\/www.hivjusticeworldwide.org\/es\/wp-json\/wp\/v2\/pages"}],"about":[{"href":"https:\/\/www.hivjusticeworldwide.org\/es\/wp-json\/wp\/v2\/types\/page"}],"author":[{"embeddable":true,"href":"https:\/\/www.hivjusticeworldwide.org\/es\/wp-json\/wp\/v2\/users\/3"}],"replies":[{"embeddable":true,"href":"https:\/\/www.hivjusticeworldwide.org\/es\/wp-json\/wp\/v2\/comments?post=1747"}],"version-history":[{"count":1,"href":"https:\/\/www.hivjusticeworldwide.org\/es\/wp-json\/wp\/v2\/pages\/1747\/revisions"}],"predecessor-version":[{"id":1748,"href":"https:\/\/www.hivjusticeworldwide.org\/es\/wp-json\/wp\/v2\/pages\/1747\/revisions\/1748"}],"wp:featuredmedia":[{"embeddable":true,"href":"https:\/\/www.hivjusticeworldwide.org\/es\/wp-json\/wp\/v2\/media\/1309"}],"wp:attachment":[{"href":"https:\/\/www.hivjusticeworldwide.org\/es\/wp-json\/wp\/v2\/media?parent=1747"}],"curies":[{"name":"wp","href":"https:\/\/api.w.org\/{rel}","templated":true}]}}