{"id":2521,"date":"2021-11-29T11:46:14","date_gmt":"2021-11-29T11:46:14","guid":{"rendered":"https:\/\/www.hivjusticeworldwide.org\/?page_id=2521"},"modified":"2023-09-21T07:59:50","modified_gmt":"2023-09-21T07:59:50","slug":"mhs","status":"publish","type":"page","link":"https:\/\/www.hivjusticeworldwide.org\/es\/mhs\/","title":{"rendered":"Vigilancia Molecular del VIH: Revisi\u00f3n global de sus implicaciones en materia de derechos humanos"},"content":{"rendered":"<p>Este nuevo documento informativo publicado hoy (20 de octubre de 2021) por<a href=\"http:\/\/pwn-usa.org\" target=\"_blank\" rel=\"noopener\">\u00a0Positive Women\u2019s Network-USA<\/a> con el apoyo de HIV JUSTICE WORLDWIDE fue elaborado para que personas que viven con VIH, activistas, especialistas en leyes y defensores de derechos humanos comprendan las complejidades y las consecuencias del uso de la MHS.<\/p>\n<p><em>Actualizaci\u00f3n (Nov 2021): El documento tambi\u00e9n est\u00e1 disponible en franc\u00e9s, espa\u00f1ol y ruso.<\/em><\/p>\n<p style=\"text-align: center;\"><strong><a href=\"https:\/\/www.hivjusticeworldwide.org\/wp-content\/uploads\/2021\/11\/MHS-Paper-Spanish.pdf\">Descargar el documento (espa\u00f1ol, 34 p\u00e1ginas, pdf)<\/a><\/strong><\/p>\n<p style=\"text-align: center;\"><strong><a href=\"https:\/\/www.hivjusticeworldwide.org\/wp-content\/uploads\/2021\/10\/HJWW-MHS-Paper-English-Final.pdf\">Download the paper (English, 34 pages, pdf)<\/a><\/strong><\/p>\n<p style=\"text-align: center;\"><strong><a href=\"https:\/\/www.hivjusticeworldwide.org\/wp-content\/uploads\/2021\/11\/MHS-Paper-French.pdf\">T\u00e9l\u00e9charger le document (fran\u00e7ais, 34 pages, pdf)<\/a><\/strong><\/p>\n<p style=\"text-align: center;\"><strong><a href=\"https:\/\/www.hivjusticeworldwide.org\/wp-content\/uploads\/2021\/11\/MHS-Paper-Russian.pdf\">\u0421\u043a\u0430\u0447\u0430\u0442\u044c \u0441\u0442\u0430\u0442\u044c\u044e (\u043d\u0430 \u0440\u0443\u0441\u0441\u043a\u043e\u043c \u044f\u0437\u044b\u043a\u0435, 35 \u0441\u0442\u0440\u0430\u043d\u0438\u0446, pdf)<\/a><\/strong><\/p>\n<p><iframe loading=\"lazy\" title=\"YouTube video player\" src=\"https:\/\/www.youtube.com\/embed\/0UXAdgMcEEs?controls=0\" width=\"560\" height=\"315\" frameborder=\"0\" allowfullscreen=\"allowfullscreen\"><\/iframe><\/p>\n<p>\u201c<a href=\"https:\/\/www.hivjusticeworldwide.org\/wp-content\/uploads\/2021\/11\/MHS-Paper-Spanish.pdf\">Vigilancia Molecular des VIH: Revisi\u00f3n global de sus implicaciones en materia de derechos humanos<\/a><i>\u00bb <\/i>comienza con una explicacio\u0301n detallada sobre lo que es la MHS y co\u0301mo es usada alrededor del mundo, incluyendo el conocimiento de co\u0301mo funciona dicha tecnologi\u0301a, do\u0301nde especi\u0301ficamente esta\u0301 siendo utilizada y por quie\u0301n. El reporte describe al aumento de las inquietudes existentes alrededor de los derechos humanos vinculadas con el uso de esta tecnologi\u0301a. Por ultimo, el arti\u0301culo enumera una serie de recomendaciones para el uso correcto de la MHS recolectadas a partir de la revisio\u0301n de la literatura especializada y de las opiniones del Grupo Consultivo de Expertos.*<\/p>\n<p>La vigilancia molecular del VIH es un t\u00e9rmino gen\u00e9rico que permite describir un amplio rango de pr\u00e1cticas enfocadas a monitorear las multiples variantes existentes del VIH, as\u00ed como sus diferencias y sus similitudes, para ser utilizadas en la investigaci\u00f3n cient\u00edfica, la vigilancia epidemiol\u00f3gica de la salud p\u00fablica y las intervenciones en la materia.<\/p>\n<div class=\"page\" title=\"Page 4\">\n<div class=\"layoutArea\">\n<div class=\"column\">\n<p>Para realizar MHS, cienti\u0301ficos dependen de los resultados de pruebas de secuencias gene\u0301ticas del virus, obtenidas de personas que viven con VIH, para estudiarlas y saber si la variante del virus con la que la persona vive es resistente o no a ciertos esquemas de tratamiento antiretroviral. El intere\u0301s en el uso de esta te\u0301cnica se ha incrementado a nivel global. En algunos lugares, la MHS se esta realizando de tal manera que puede poner en riesgo a quienes viven con VIH.<\/p>\n<\/div>\n<\/div>\n<\/div>\n<p>Naina Khanna codirectora ejecutiva de Positive Women&#8217;s Network-USA, organizaci\u00f3n estadounidense dirigida por mujeres y personas transg\u00e9nero que viven con el VIH,\u00a0declar\u00f3<b><\/b>:\u00a0 <strong><em>\u00abEn m\u00e1s de 30 estados de los Estados Unidos y alrededor de 100 pa\u00edses del mundo, las personas que viven con VIH pueden ser criminalizadas con base en su condici\u00f3n de salud. Obtener informaci\u00f3n sensible de las personas sin su consentimiento y compartirlo sin seguir las medidas adecuadas para el resguardo y la protecci\u00f3n de la misma puede ser riesgoso y afectar su seguridad, su vida, y en el caso de quienes viven con VIH, su libertad\u00bb<\/em>.<\/strong><\/p>\n<p>En este art\u00edculo se explica por qu\u00e9 los activistas a favor de los derechos de las personas que viven con VIH est\u00e1n preocupados ante la aplicaci\u00f3n de esta tecnolog\u00eda.<\/p>\n<div class=\"page\" title=\"Page 19\">\n<div class=\"layoutArea\">\n<div class=\"column\">\n<p>Las preocupaciones clave en materia de derechos y el uso de la MHS incluyen:<\/p>\n<\/div>\n<\/div>\n<\/div>\n<ul>\n<li aria-level=\"1\">\n<div class=\"page\" title=\"Page 19\">\n<div class=\"layoutArea\">\n<div class=\"column\">Consentimiento y autonomi\u0301a;<\/div>\n<\/div>\n<\/div>\n<\/li>\n<li aria-level=\"1\">\n<div class=\"page\" title=\"Page 19\">\n<div class=\"layoutArea\">\n<div class=\"column\">Falta de consulta en los grupos de riesgo;<\/div>\n<\/div>\n<\/div>\n<\/li>\n<li aria-level=\"1\">\n<div class=\"page\" title=\"Page 19\">\n<div class=\"layoutArea\">\n<div class=\"column\">Incremento del estigma en poblaciones clave;<\/div>\n<\/div>\n<\/div>\n<\/li>\n<li aria-level=\"1\">\n<div class=\"page\" title=\"Page 19\">\n<div class=\"layoutArea\">\n<div class=\"column\">Privacidad y proteccio\u0301n de datos;<\/div>\n<\/div>\n<\/div>\n<\/li>\n<li aria-level=\"1\">\n<div class=\"page\" title=\"Page 19\">\n<div class=\"layoutArea\">\n<div class=\"column\">Tecnologi\u0301a utilizada para \u201cprobar\u201d la transmisio\u0301n directa, e<\/div>\n<\/div>\n<\/div>\n<\/li>\n<li aria-level=\"1\">\n<div class=\"page\" title=\"Page 19\">\n<div class=\"layoutArea\">\n<div class=\"column\">Intensificacio\u0301n de la criminalizacio\u0301n.<\/div>\n<\/div>\n<\/div>\n<\/li>\n<\/ul>\n<p>Edwin J Bernard, Director Ejecutivo de <a href=\"https:\/\/www.hivjustice.net\/\" target=\"_blank\" rel=\"noopener\">HIV Justice Network <\/a>e coordinador global de HIV JUSTICE WORLDWIDE a\u00f1adi\u00f3: <b><i>\u201cLa MHS trata a las personas que viven con el VIH como \u00abgrupos\u00bb y objetivos de las intervenciones de salud p\u00fablica, en lugar de como beneficiarios de la salud p\u00fablica. Cuando se combina, la MHS con la criminalizaci\u00f3n del VIH es una tormenta perfecta. Al saber en qu\u00e9 consiste la vigilancia molecular aplicada al VIH, las personas y las organizaciones pueden tener mejores herramientas para exigir el fin del uso de estas t\u00e9cnicas que afectan, potencialmente, los derechos, la autonom\u00eda y el bienestar de las personas que viven con VIH\u00bb.\u201d<\/i><\/b><\/p>\n<p>Este documento destaca una serie de recomendaciones para las distintas partes interesadas. Las cinco recomendaciones generales son:<\/p>\n<ol>\n<li><strong>\u00a0Considerar seriamente y actuar con respeto a las preocupaciones comunitarias sobre la vigilancia molecular del VIH.<\/strong><\/li>\n<li><strong>Respetar la autonom\u00eda corporal y la integridad de las personas que viven con VIH en toda nuestra diversidad.<\/strong><\/li>\n<li><strong>Quienes hacen uso del MHS deben demostrar claramente que los beneficios colectivos sobrepasan los da\u00f1os potenciales del uso de las mismas, adem\u00e1s de asegurar protecciones existen (es decir., la privacidad de datos personales, protecciones legales y prevenci\u00f3n de da\u00f1os sociales, etc.). Los beneficios del uso de esta tecnolog\u00eda deben incluir a las personas que viven con VIH de una manera evaluable.<\/strong><\/li>\n<li><strong>Los proveedores pidiendo secuenciaci\u00f3n gen\u00e9tica de VIH deben informar a las personas que viven con VIH con que finalidad utilizar\u00e1n su sangre y datos obtenidos y que pueden retirar su consentimiento, sin consecuencias negativas para su tratamiento y cuidado de salud.<\/strong><\/li>\n<li><strong>Quienes hacen uso del MHS deben pronunciarse p\u00fablicamente en contra de leyes punitivas o coercitivas y pol\u00edticas p\u00fablicas que afectan, de manera negativa, a quienes viven con VIH, y asegurarse que la vigilancia molecular del VIH nunca sea utilizada en investigaciones o procesos judiciales de corte penal, civil o migratorio.<\/strong><\/li>\n<\/ol>\n<p>*Grupo asesor de especialistas<\/p>\n<ul>\n<li>Naina Khanna &amp; Breanna Diaz, Positive Women\u2019s Network-USA<\/li>\n<li>Edwin J. Bernard, HIV Justice Network<\/li>\n<li>Marco Castro-Bojorquez, HIV Racial Justice Now (in memoriam)<\/li>\n<li>Brian Minalga, Legacy Project<\/li>\n<li>Andrew Spieldenner, US People Living with HIV Caucus<\/li>\n<li>Sean Strub, Sero Project<\/li>\n<\/ul>\n<div class=\"page\" title=\"Page 2\">\n<div class=\"layoutArea\">\n<div class=\"column\">\n<p>Agradecemos la contribucio\u0301n nanciera de la <a href=\"https:\/\/robertcarrfund.org\" target=\"_blank\" rel=\"noopener\">Fundacio\u0301n Robert Carr<\/a> para la realizacio\u0301n de este informe.<\/p>\n<\/div>\n<\/div>\n<\/div>\n","protected":false},"excerpt":{"rendered":"<p>Este nuevo documento informativo publicado hoy (20 de octubre de 2021) por\u00a0Positive Women\u2019s Network-USA con el apoyo de HIV JUSTICE WORLDWIDE fue elaborado para que personas que viven con VIH, activistas, especialistas en leyes y defensores de derechos humanos comprendan las complejidades y las consecuencias del uso de la MHS. Actualizaci\u00f3n (Nov 2021): El documento [&hellip;]<\/p>\n","protected":false},"author":3,"featured_media":0,"parent":0,"menu_order":61,"comment_status":"closed","ping_status":"closed","template":"","meta":[],"acf":[],"_links":{"self":[{"href":"https:\/\/www.hivjusticeworldwide.org\/es\/wp-json\/wp\/v2\/pages\/2521"}],"collection":[{"href":"https:\/\/www.hivjusticeworldwide.org\/es\/wp-json\/wp\/v2\/pages"}],"about":[{"href":"https:\/\/www.hivjusticeworldwide.org\/es\/wp-json\/wp\/v2\/types\/page"}],"author":[{"embeddable":true,"href":"https:\/\/www.hivjusticeworldwide.org\/es\/wp-json\/wp\/v2\/users\/3"}],"replies":[{"embeddable":true,"href":"https:\/\/www.hivjusticeworldwide.org\/es\/wp-json\/wp\/v2\/comments?post=2521"}],"version-history":[{"count":11,"href":"https:\/\/www.hivjusticeworldwide.org\/es\/wp-json\/wp\/v2\/pages\/2521\/revisions"}],"predecessor-version":[{"id":4011,"href":"https:\/\/www.hivjusticeworldwide.org\/es\/wp-json\/wp\/v2\/pages\/2521\/revisions\/4011"}],"wp:attachment":[{"href":"https:\/\/www.hivjusticeworldwide.org\/es\/wp-json\/wp\/v2\/media?parent=2521"}],"curies":[{"name":"wp","href":"https:\/\/api.w.org\/{rel}","templated":true}]}}