{"id":1098,"date":"2018-07-25T12:55:33","date_gmt":"2018-07-25T12:55:33","guid":{"rendered":"https:\/\/www.hivjusticeworldwide.org\/?page_id=1098\/"},"modified":"2023-09-27T14:42:25","modified_gmt":"2023-09-27T14:42:25","slug":"declaration-de-consensus","status":"publish","type":"page","link":"https:\/\/www.hivjusticeworldwide.org\/fr\/declaration-de-consensus\/","title":{"rendered":"D\u00e9claration de consensus d&rsquo;experts"},"content":{"rendered":"<h2><strong>sur la connaissance scientifique relative au VIH dans le contexte du droit p\u00e9nal<\/strong><\/h2>\n<p>Inquiets que le droit p\u00e9nal soit parfois appliqu\u00e9 de mani\u00e8re incompatible avec les donn\u00e9es scientifiques et m\u00e9dicales contemporaines, vingt des plus grands experts scientifiques au niveau international ont \u00e9labor\u00e9 une D\u00e9claration de consensus d\u2019experts pour r\u00e9pondre aux probl\u00e9matiques li\u00e9es \u00e0 l\u2019utilisation des donn\u00e9es scientifiques relatives au VIH par le syst\u00e8me de justice p\u00e9nale.<\/p>\n<p>Cette d\u00e9claration a \u00e9t\u00e9 r\u00e9dig\u00e9e pour aider les experts scientifiques appel\u00e9s \u00e0 t\u00e9moigner dans des affaires p\u00e9nales et \u00e0 encourager les gouvernements et les acteurs de la justice \u00e0 faire tout ce qui est en leur pouvoir pour garantir que l\u2019application de la loi, dans des cas li\u00e9s au VIH, soit fond\u00e9e sur une compr\u00e9hension exacte et compl\u00e8te des donn\u00e9es scientifiques probantes actuelles.<\/p>\n<p>Cette d\u00e9claration offre une opinion d&rsquo;experts sur les dynamiques de transmission du VIH au niveau individuel (c.-\u00e0-d. la \u00ab\u00a0possibilit\u00e9\u00a0\u00bb de transmission), les cons\u00e9quences \u00e0 long terme d\u2019une infection chronique au VIH (c.-\u00e0-d. le \u00ab\u00a0pr\u00e9judice\u00a0\u00bb), et l&rsquo;utilisation de l\u2019analyse phylog\u00e9n\u00e9tique comme preuve de la transmission. Les donn\u00e9es scientifiques et m\u00e9dicales disponibles en mati\u00e8re de transmission du VIH, d&rsquo;efficacit\u00e9 des traitements et de preuves phylog\u00e9n\u00e9tiques m\u00e9dico-l\u00e9gales ont fait l\u2019objet d\u2019une analyse d\u00e9taill\u00e9e et ont \u00e9t\u00e9 pr\u00e9sent\u00e9es de sorte \u00e0 \u00eatre mieux comprises dans un contexte p\u00e9nal.<\/p>\n<p>La d\u00e9claration de consensus porte sur la possibilit\u00e9 de transmission du VIH associ\u00e9e \u00e0 des actes sp\u00e9cifiques g\u00e9n\u00e9ralement en cause dans les poursuites criminelles\u00a0: rapports sexuels, morsure ou crachement. Son approche, fond\u00e9e sur le risque au niveau individuel, est pertinente dans le cadre de la justice p\u00e9nale.<\/p>\n<p>La possibilit\u00e9 de transmission du VIH associ\u00e9e \u00e0 un acte sp\u00e9cifique est d\u00e9crite sur la base d\u2019un continuum de risque sachant que cette possibilit\u00e9 d\u00e9pend d&rsquo;une s\u00e9rie de facteurs crois\u00e9s comme la charge virale, l&rsquo;utilisation d\u2019un pr\u00e9servatif et le recours \u00e0 d\u2019autres pratiques de r\u00e9duction des risques. Les donn\u00e9es probantes actuelles sugg\u00e8rent que la possibilit\u00e9 de transmission du VIH au cours d&rsquo;un seul acte sexuel, de morsure ou de crachement, varie entre\u00a0aucune possibilit\u00e9 et une faible possibilit\u00e9.<\/p>\n<p>La d\u00e9claration inclut notamment les opinions d\u2019experts suivantes:<\/p>\n<ul>\n<li>La possibilit\u00e9 de transmission du VIH associ\u00e9e \u00e0 un rapport sexuel vaginal ou anal varie de faible \u00e0 nulle (voir plus bas les importants facteurs ayant une incidence sur la possibilit\u00e9 de transmission).<\/li>\n<\/ul>\n<ul>\n<li>La possibilit\u00e9 de transmission du VIH associ\u00e9e \u00e0 un rapport sexuel oral varie de n\u00e9gligeable (dans des circonstances extr\u00eames et tr\u00e8s inhabituelles) \u00e0 nulle (voir plus bas d\u2019importants facteurs ayant une incidence sur la possibilit\u00e9 de transmission).<\/li>\n<\/ul>\n<ul>\n<li>Il n\u2019y a pas de possibilit\u00e9 de transmission associ\u00e9e \u00e0 un rapport sexuel vaginal, anal ou oral quand un pr\u00e9servatif intact a \u00e9t\u00e9 utilis\u00e9 correctement.<\/li>\n<\/ul>\n<ul>\n<li>Il n\u2019y a pas de possibilit\u00e9 de transmission associ\u00e9e \u00e0 un rapport sexuel vaginal, anal ou oral lorsque le partenaire s\u00e9ropositif a une charge virale ind\u00e9tectable.<\/li>\n<\/ul>\n<ul>\n<li>La possibilit\u00e9 de transmission du VIH associ\u00e9e \u00e0 un rapport sexuel vaginal ou anal varie de n\u00e9gligeable \u00e0 nulle lorsque le partenaire s\u00e9ropositif a une charge virale faible.<\/li>\n<\/ul>\n<ul>\n<li>Il n&rsquo;y a aucune possibilit\u00e9 de transmission du VIH par contact avec la salive m\u00eame si celle-ci contient un peu de sang.<\/li>\n<\/ul>\n<ul>\n<li>La possibilit\u00e9 de transmission du VIH en cas de morsure varie de n\u00e9gligeable (dans des circonstances extr\u00eames et tr\u00e8s inhabituelles) \u00e0 nulle.<\/li>\n<\/ul>\n<ul>\n<li>Les th\u00e9rapies antir\u00e9trovirales modernes ont augment\u00e9 l&rsquo;esp\u00e9rance de vie de la plupart des personnes vivant avec le VIH ayant acc\u00e8s aux traitements au point qu\u2019elle est d\u00e9sormais similaire \u00e0 celle des personnes s\u00e9ron\u00e9gatives, transformant ainsi l&rsquo;infection par le VIH en maladie chronique g\u00e9rable.<\/li>\n<\/ul>\n<ul>\n<li>L&rsquo;analyse phylog\u00e9n\u00e9tique peut \u00eatre compatible avec l&rsquo;all\u00e9gation selon laquelle un d\u00e9fendeur aurait infect\u00e9 un plaignant, mais elle ne peut pas le prouver de fa\u00e7on concluante. Fait important, les r\u00e9sultats phylog\u00e9n\u00e9tiques peuvent disculper un accus\u00e9 lorsque les r\u00e9sultats excluent la possibilit\u00e9 que le d\u00e9fendeur soit \u00e0 la source de l\u2019infection du plaignant.<\/li>\n<\/ul>\n<p>La d\u00e9claration de consensus d\u2019experts a \u00e9t\u00e9 approuv\u00e9e par plus de <a href=\"https:\/\/www.hivjusticeworldwide.org\/wp-content\/uploads\/2018\/07\/Endorsers-of-the-Expert-Consensus-Statement.pdf\" target=\"_blank\" rel=\"noopener noreferrer\">70 \u00e9minents scientifiques de 46 pays diff\u00e9rents<\/a> et par la <em><a href=\"https:\/\/www.iasociety.org\/\" target=\"_blank\" rel=\"noopener noreferrer\">International AIDS Society<\/a><\/em>, la <em><a href=\"http:\/\/www.iapac.org\/\" target=\"_blank\" rel=\"noopener noreferrer\">International Association of Providers of AIDS Care<\/a><\/em> et le Programme commun des Nations Unies sur le VIH\u00a0\/\u00a0sida. A l\u2019origine, la d\u00e9claration a \u00e9t\u00e9 publi\u00e9e le 25 juillet 2018 dans le <em><a href=\"http:\/\/www.unaids.org\/fr\" target=\"_blank\" rel=\"noopener noreferrer\">Journal of the International AIDS Society<\/a> <\/em>(JIAS), un journal scientifique dont les articles sont revus par des pairs.<\/p>\n<p>Lisez et t\u00e9l\u00e9chargez le texte complet de la d\u00e9claration de consensus d\u2019experts sur <span style=\"text-decoration: underline;\"><a href=\"https:\/\/onlinelibrary.wiley.com\/action\/downloadSupplement?doi=10.1002%2Fjia2.25161&amp;file=jia225161-sup-0003-Sup_MaterialS3.pdf\" target=\"_blank\" rel=\"noopener noreferrer\">le site de JIAS<\/a>.<\/span><\/p>\n<p>T\u00e9l\u00e9chargez la liste des\u00a0signataires <span style=\"text-decoration: underline;\"><a href=\"https:\/\/www.hivjusticeworldwide.org\/wp-content\/uploads\/2023\/09\/jia225161-sup-0001-sup_materials1.docx\" target=\"_blank\" rel=\"noopener noreferrer\">ici<\/a><\/span>.<\/p>\n<p>Pour en apprendre plus sur la fa\u00e7on dont la d\u00e9claration a \u00e9t\u00e9 d\u00e9velopp\u00e9e et pourquoi, voyez <a href=\"https:\/\/www.hivjusticeworldwide.org\/fr\/questions-frequentes-declaration-experts\/\" target=\"_blank\" rel=\"noopener noreferrer\">les questions fr\u00e9quentes<\/a>.<\/p>\n","protected":false},"excerpt":{"rendered":"<p>sur la connaissance scientifique relative au VIH dans le contexte du droit p\u00e9nal Inquiets que le droit p\u00e9nal soit parfois appliqu\u00e9 de mani\u00e8re incompatible avec les donn\u00e9es scientifiques et m\u00e9dicales contemporaines, vingt des plus grands experts scientifiques au niveau international ont \u00e9labor\u00e9 une D\u00e9claration de consensus d\u2019experts pour r\u00e9pondre aux probl\u00e9matiques li\u00e9es \u00e0 l\u2019utilisation des [&hellip;]<\/p>\n","protected":false},"author":3,"featured_media":0,"parent":0,"menu_order":68,"comment_status":"closed","ping_status":"closed","template":"","meta":[],"acf":[],"_links":{"self":[{"href":"https:\/\/www.hivjusticeworldwide.org\/fr\/wp-json\/wp\/v2\/pages\/1098"}],"collection":[{"href":"https:\/\/www.hivjusticeworldwide.org\/fr\/wp-json\/wp\/v2\/pages"}],"about":[{"href":"https:\/\/www.hivjusticeworldwide.org\/fr\/wp-json\/wp\/v2\/types\/page"}],"author":[{"embeddable":true,"href":"https:\/\/www.hivjusticeworldwide.org\/fr\/wp-json\/wp\/v2\/users\/3"}],"replies":[{"embeddable":true,"href":"https:\/\/www.hivjusticeworldwide.org\/fr\/wp-json\/wp\/v2\/comments?post=1098"}],"version-history":[{"count":12,"href":"https:\/\/www.hivjusticeworldwide.org\/fr\/wp-json\/wp\/v2\/pages\/1098\/revisions"}],"predecessor-version":[{"id":4059,"href":"https:\/\/www.hivjusticeworldwide.org\/fr\/wp-json\/wp\/v2\/pages\/1098\/revisions\/4059"}],"wp:attachment":[{"href":"https:\/\/www.hivjusticeworldwide.org\/fr\/wp-json\/wp\/v2\/media?parent=1098"}],"curies":[{"name":"wp","href":"https:\/\/api.w.org\/{rel}","templated":true}]}}