{"id":125,"date":"2017-06-12T22:32:58","date_gmt":"2017-06-12T22:32:58","guid":{"rendered":"https:\/\/www.hivjusticeworldwide.org\/?page_id=125\/"},"modified":"2023-09-18T14:24:47","modified_gmt":"2023-09-18T14:24:47","slug":"about","status":"publish","type":"page","link":"https:\/\/www.hivjusticeworldwide.org\/fr\/about\/","title":{"rendered":"Qui sommes-nous"},"content":{"rendered":"<p>HIV JUSTICE WORLDWIDE (HJWW) est une coalition internationale visant \u00e0 influencer le discours sur la p\u00e9nalisation du VIH et \u00e0 partager les informations et les ressources, \u00e0 d\u00e9velopper les r\u00e9seaux, renforcer les capacit\u00e9s, mobiliser les acteurs du plaidoyer, et \u00e0 cultiver une communaut\u00e9 fond\u00e9e sur la transparence et la collaboration.<\/p>\n<p>Nous sommes convaincus que la p\u00e9nalisation du VIH est discriminatoire, une violation des droits de l\u2019homme, qu\u2019elle porte atteinte \u00e0 la sant\u00e9 publique et qu\u2019elle nuit \u00e0 la sant\u00e9 et au bien-\u00eatre des individus.<\/p>\n<p><a href=\"https:\/\/www.hivjusticeworldwide.org\/fr\/about\/valeurs-et-principes\/\">Lisez les valeurs et les principes qui guident notre travail<\/a><\/p>\n<p>HIV JUSTICE WORLDWIDE a \u00e9t\u00e9 fond\u00e9 en mars 2016 lors d\u2019une <a href=\"https:\/\/youtu.be\/SzYM_mKvlGU\" target=\"_blank\" rel=\"noopener\">r\u00e9union \u00e0 Brighton, au Royaume-Uni<\/a> en mars 2016, qui avait \u00e9t\u00e9 financ\u00e9e par une subvention du <a href=\"http:\/\/www.robertcarrfund.org\/grantees\/people-living-hiv\/hiv-justice-global-consortium\/\">\u00a0Robert Carr Fund<\/a>.<\/p>\n<p class=\"p1\"><strong>Pourquoi avons-nous besoin d&rsquo;une coalition internationale pour lutter contre la p\u00e9nalisation du VIH ?<\/strong><\/p>\n<p>La p\u00e9nalisation du VIH est un ph\u00e9nom\u00e8ne mondial et un probl\u00e8me critique de sant\u00e9 publique et de droits de l&rsquo;homme. Pour la combattre, une action collective et coordonn\u00e9e est n\u00e9cessaire. Les voix de la soci\u00e9t\u00e9 civile jouent un r\u00f4le essentiel dans le mouvement mondial de d\u00e9fense du VIH et des droits de l&rsquo;homme. En tant que militants pour la justice en mati\u00e8re de VIH et en collaboration avec d&rsquo;autres mouvements de justice sociale, nous renfor\u00e7ons nos moyens en travaillant en coalition. Pour que la p\u00e9nalisation du VIH reste \u00e0 l&rsquo;ordre du jour des responsables politiques &#8211; notamment les gouvernements nationaux, la communaut\u00e9 juridique et les institutions internationales &#8211; nous devons maintenir la pression.<\/p>\n<p>En coordonnant nos activit\u00e9s, nous pouvons maximiser notre impact et notre influence, tout en veillant \u00e0 ce que nos ressources (humaines et financi\u00e8res) soient utilis\u00e9es efficacement. Nous pouvons \u00e9viter les doublons, partager les donn\u00e9es et les connaissances, d\u00e9velopper les capacit\u00e9s, \u00e9tablir un consensus et g\u00e9n\u00e9rer de l&rsquo;\u00e9nergie et des actions. Nous pouvons \u00e9tendre notre port\u00e9e, en nous connectant au-del\u00e0 des r\u00e9gions, des identit\u00e9s et des langues.<\/p>\n<p>HJWW est une coalition officielle dot\u00e9e d&rsquo;un secr\u00e9tariat, le HIV Justice Network. Gr\u00e2ce \u00e0 cette structure, nous pouvons suivre l&rsquo;\u00e9volution des lois, des poursuites et du plaidoyer, proposer des outils et des formations pour un plaidoyer et une communication efficaces, mettre en relation des acteurs vari\u00e9s, parler avec autorit\u00e9 et organiser des \u00e9v\u00e9nements strat\u00e9giques. Chaque membre de la coalition est en mesure d&rsquo;avoir un impact conforme \u00e0 sa mission gr\u00e2ce \u00e0 son engagement dans HJWW. Nous ne pouvons pas mettre fin au VIH sans faire de la justice en mati\u00e8re de VIH une r\u00e9alit\u00e9 dans le monde entier.<\/p>\n<p><strong>Comment la coalition HJWW peut-elle soutenir le plaidoyer au niveau national pour mettre fin \u00e0 la p\u00e9nalisation du VIH ?<\/strong><\/p>\n<p>En fonction du contexte local, la coalition peut \u00eatre en mesure d&rsquo;apporter ou de faciliter un soutien strat\u00e9gique aux organisations communautaires, aux ONG de d\u00e9fense des droits de l&rsquo;homme, aux avocats de la d\u00e9fense, aux militants individuels et aux personnes vivant avec le VIH.<\/p>\n<p>Cet appui strat\u00e9gique peut prendre la forme d&rsquo;informations g\u00e9n\u00e9rales et de ressources pour les militants, ou d&rsquo;une assistance concernant des proc\u00e9dures judiciaires sp\u00e9cifiques, de conseils concernant des r\u00e9formes l\u00e9gislatives ou politiques, d&rsquo;un soutien aux activit\u00e9s de communication et aux initiatives de plaidoyer, et\/ou d&rsquo;un soutien aux activit\u00e9s \u00e9ducatives visant \u00e0 mettre un terme \u00e0 la p\u00e9nalisation du VIH.<\/p>\n<p>Nos partenaires r\u00e9gionaux &#8211; <a href=\"https:\/\/arasa.info\/\" target=\"_blank\" rel=\"noopener\">ARASA<\/a> et <a href=\"https:\/\/www.southernafricalitigationcentre.org\/\" target=\"_blank\" rel=\"noopener\">SALC<\/a> (Afrique anglophone), <a href=\"https:\/\/ewna.org\/\" target=\"_blank\" rel=\"noopener\">Eurasian Women&rsquo;s Network on AIDS<\/a> (Europe de l&rsquo;Est et Asie centrale), <a href=\"https:\/\/www.hivlegalnetwork.ca\/\" target=\"_blank\" rel=\"noopener\">HIV Legal Network \/ R\u00e9seau Juridique VIH<\/a> (Afrique francophone) et <a href=\"https:\/\/www.seroproject.com\/\" target=\"_blank\" rel=\"noopener\">Sero Project<\/a> (Am\u00e9rique latine et Cara\u00efbes) &#8211; lancent chaque ann\u00e9e des appels \u00e0 de petites subventions pour soutenir le plaidoyer et l&rsquo;\u00e9ducation au niveau local sur la p\u00e9nalisation du VIH. <a href=\"https:\/\/www.hvjustice.net\" target=\"_blank\" rel=\"noopener\">HIV Justice Network<\/a> \u00e9tudiera \u00e9galement les demandes ad hoc de petites subventions pour le reste du monde.<\/p>\n<p>Nous regrettons que HJWW ne soit pas en mesure d&rsquo;offrir aux individus un avis juridique, des conseils ou tout autre soutien psychosocial.<\/p>\n<p>Les demandes de soutien du type d\u00e9crit ci-dessus doivent \u00eatre envoy\u00e9es en premier lieu via <a href=\"https:\/\/www.hivjusticeworldwide.org\/fr\/about\/contact-us\/\">le formulaire de contact<\/a>.<\/p>\n","protected":false},"excerpt":{"rendered":"<p>HIV JUSTICE WORLDWIDE (HJWW) est une coalition internationale visant \u00e0 influencer le discours sur la p\u00e9nalisation du VIH et \u00e0 partager les informations et les ressources, \u00e0 d\u00e9velopper les r\u00e9seaux, renforcer les capacit\u00e9s, mobiliser les acteurs du plaidoyer, et \u00e0 cultiver une communaut\u00e9 fond\u00e9e sur la transparence et la collaboration. Nous sommes convaincus que la [&hellip;]<\/p>\n","protected":false},"author":1,"featured_media":312,"parent":0,"menu_order":85,"comment_status":"closed","ping_status":"closed","template":"","meta":[],"acf":[],"_links":{"self":[{"href":"https:\/\/www.hivjusticeworldwide.org\/fr\/wp-json\/wp\/v2\/pages\/125"}],"collection":[{"href":"https:\/\/www.hivjusticeworldwide.org\/fr\/wp-json\/wp\/v2\/pages"}],"about":[{"href":"https:\/\/www.hivjusticeworldwide.org\/fr\/wp-json\/wp\/v2\/types\/page"}],"author":[{"embeddable":true,"href":"https:\/\/www.hivjusticeworldwide.org\/fr\/wp-json\/wp\/v2\/users\/1"}],"replies":[{"embeddable":true,"href":"https:\/\/www.hivjusticeworldwide.org\/fr\/wp-json\/wp\/v2\/comments?post=125"}],"version-history":[{"count":16,"href":"https:\/\/www.hivjusticeworldwide.org\/fr\/wp-json\/wp\/v2\/pages\/125\/revisions"}],"predecessor-version":[{"id":3862,"href":"https:\/\/www.hivjusticeworldwide.org\/fr\/wp-json\/wp\/v2\/pages\/125\/revisions\/3862"}],"wp:featuredmedia":[{"embeddable":true,"href":"https:\/\/www.hivjusticeworldwide.org\/fr\/wp-json\/wp\/v2\/media\/312"}],"wp:attachment":[{"href":"https:\/\/www.hivjusticeworldwide.org\/fr\/wp-json\/wp\/v2\/media?parent=125"}],"curies":[{"name":"wp","href":"https:\/\/api.w.org\/{rel}","templated":true}]}}