{"id":1376,"date":"2018-12-12T11:55:33","date_gmt":"2018-12-12T11:55:33","guid":{"rendered":"https:\/\/www.hivjusticeworldwide.org\/?page_id=1376\/"},"modified":"2023-03-14T23:18:13","modified_gmt":"2023-03-14T23:18:13","slug":"rapports-regionaux-sur-la-penalisation-du-vih","status":"publish","type":"page","link":"https:\/\/www.hivjusticeworldwide.org\/fr\/rapports-regionaux-sur-la-penalisation-du-vih\/","title":{"rendered":"Rapports r\u00e9gionaux sur la p\u00e9nalisation du VIH"},"content":{"rendered":"<p>Entre novembre 2017 et octobre 2018, les\u00a0centres r\u00e9gionaux de HIV JUSTICE WORLDWIDE en Afrique francophone, en Asie, en Europe de l&rsquo;est et du centre, en Am\u00e9rique latine et dans les Cara\u00efbes ont\u00a0publi\u00e9 des rapports r\u00e9gionaux sur la p\u00e9nalisation du VIH r\u00e9sumant l&rsquo;\u00e9tat actuel des lois sur la p\u00e9nalisation du VIH et des poursuites criminelles connues dans ces r\u00e9gions.<\/p>\n<p>Ces rapports ont d\u00e9j\u00e0 \u00e9t\u00e9 utilis\u00e9s pour mettre en \u00e9vidence les lois et les poursuites injustes\u00a0et faciliter le plaidoyer\u00a0au niveau local.\u00a0Ils serviront de point de d\u00e9part pour poursuivre\u00a0le plaidoyer et approfondir l&rsquo;analyse des ces lois.<\/p>\n<p>Cliquez sur les images ou sur les liens ci-dessous pour t\u00e9l\u00e9charger chaque rapport\u00a0en format PDF. Seul le rapport sur l&rsquo;Afrique francophone est disponible en fran\u00e7ais.<\/p>\n<p><img decoding=\"async\" loading=\"lazy\" class=\"no-resize aligncenter wp-image-1338 size-medium\" src=\"https:\/\/www.hivjusticeworldwide.org\/wp-content\/uploads\/2018\/11\/Africa-image-1-200x283.png\" alt=\"Africa image\" width=\"211\" height=\"300\" \/> <a href=\"https:\/\/www.hivjusticeworldwide.org\/wp-content\/uploads\/2018\/11\/HJWW-Francophone-Africa-Regional-HIV-Criminalization-Report.pdf\" rel=\"\">La p\u00e9nalisation du VIH en Afrique francophone : \u00e9tat des lieux &#8211; Nov 2017 (pdf)<\/a><\/p>\n<p><img decoding=\"async\" loading=\"lazy\" class=\"no-resize aligncenter size-medium wp-image-1323\" src=\"https:\/\/www.hivjusticeworldwide.org\/wp-content\/uploads\/2018\/11\/EECAA-image-521x740.png\" alt=\"EECAA image\" width=\"211\" height=\"300\" srcset=\"https:\/\/www.hivjusticeworldwide.org\/wp-content\/uploads\/2018\/11\/EECAA-image.png 521w, https:\/\/www.hivjusticeworldwide.org\/wp-content\/uploads\/2018\/11\/EECAA-image-400x568.png 400w\" sizes=\"(max-width: 211px) 100vw, 211px\" \/> <a href=\"https:\/\/www.hivjusticeworldwide.org\/wp-content\/uploads\/2018\/11\/HJWW-EECA-Regional-HIV-Criminalisation-Report.pdf\" rel=\"\">EECA Regional HIV Criminalisation Report Dec 2017 (PDF)<\/a><\/p>\n<p><img decoding=\"async\" loading=\"lazy\" class=\"no-resize aligncenter size-medium wp-image-1327\" src=\"https:\/\/www.hivjusticeworldwide.org\/wp-content\/uploads\/2018\/11\/LAC-image-524x736.png\" alt=\"LAC image\" width=\"211\" height=\"300\" \/><\/p>\n<p><a href=\"https:\/\/www.hivjusticeworldwide.org\/wp-content\/uploads\/2018\/11\/HJWW-LAC-HIV-Criminalisation-Report-July-2018.pdf\">LAC HIV Criminalisation Report July 2018 (PDF)<\/a><\/p>\n<p><img decoding=\"async\" loading=\"lazy\" class=\"no-resize aligncenter size-medium wp-image-1319\" src=\"https:\/\/www.hivjusticeworldwide.org\/wp-content\/uploads\/2018\/11\/Asia-image-523x740.png\" alt=\"Asia image\" width=\"212\" height=\"300\" srcset=\"https:\/\/www.hivjusticeworldwide.org\/wp-content\/uploads\/2018\/11\/Asia-image.png 523w, https:\/\/www.hivjusticeworldwide.org\/wp-content\/uploads\/2018\/11\/Asia-image-400x566.png 400w\" sizes=\"(max-width: 212px) 100vw, 212px\" \/><a href=\"https:\/\/www.hivjusticeworldwide.org\/wp-content\/uploads\/2018\/11\/HJWW-Asia-Regional-HIV-Criminalization-Report-Oct-2018.pdf\" rel=\"\">Asia Regional HIV Criminalisation Report Oct 2018 (PDF)<\/a><\/p>\n","protected":false},"excerpt":{"rendered":"<p>Entre novembre 2017 et octobre 2018, les\u00a0centres r\u00e9gionaux de HIV JUSTICE WORLDWIDE en Afrique francophone, en Asie, en Europe de l&rsquo;est et du centre, en Am\u00e9rique latine et dans les Cara\u00efbes ont\u00a0publi\u00e9 des rapports r\u00e9gionaux sur la p\u00e9nalisation du VIH r\u00e9sumant l&rsquo;\u00e9tat actuel des lois sur la p\u00e9nalisation du VIH et des poursuites criminelles connues [&hellip;]<\/p>\n","protected":false},"author":3,"featured_media":1307,"parent":0,"menu_order":80,"comment_status":"closed","ping_status":"closed","template":"","meta":[],"acf":[],"_links":{"self":[{"href":"https:\/\/www.hivjusticeworldwide.org\/fr\/wp-json\/wp\/v2\/pages\/1376"}],"collection":[{"href":"https:\/\/www.hivjusticeworldwide.org\/fr\/wp-json\/wp\/v2\/pages"}],"about":[{"href":"https:\/\/www.hivjusticeworldwide.org\/fr\/wp-json\/wp\/v2\/types\/page"}],"author":[{"embeddable":true,"href":"https:\/\/www.hivjusticeworldwide.org\/fr\/wp-json\/wp\/v2\/users\/3"}],"replies":[{"embeddable":true,"href":"https:\/\/www.hivjusticeworldwide.org\/fr\/wp-json\/wp\/v2\/comments?post=1376"}],"version-history":[{"count":7,"href":"https:\/\/www.hivjusticeworldwide.org\/fr\/wp-json\/wp\/v2\/pages\/1376\/revisions"}],"predecessor-version":[{"id":1419,"href":"https:\/\/www.hivjusticeworldwide.org\/fr\/wp-json\/wp\/v2\/pages\/1376\/revisions\/1419"}],"wp:featuredmedia":[{"embeddable":true,"href":"https:\/\/www.hivjusticeworldwide.org\/fr\/wp-json\/wp\/v2\/media\/1307"}],"wp:attachment":[{"href":"https:\/\/www.hivjusticeworldwide.org\/fr\/wp-json\/wp\/v2\/media?parent=1376"}],"curies":[{"name":"wp","href":"https:\/\/api.w.org\/{rel}","templated":true}]}}