{"id":144,"date":"2017-06-12T23:24:40","date_gmt":"2017-06-12T23:24:40","guid":{"rendered":"https:\/\/www.hivjusticeworldwide.org\/?page_id=144\/"},"modified":"2023-03-14T23:18:16","modified_gmt":"2023-03-14T23:18:16","slug":"frequently-asked-questions","status":"publish","type":"page","link":"https:\/\/www.hivjusticeworldwide.org\/fr\/frequently-asked-questions\/","title":{"rendered":"Questions fr\u00e9quentes"},"content":{"rendered":"<h3>Lectures suppl\u00e9mentaires<\/h3>\n<ul>\n<li><a href=\"https:\/\/www.opensocietyfoundations.org\/sites\/default\/files\/10reasonsfr_20081201_0.pdf\" target=\"_blank\" rel=\"noopener\">Dix raisons de s\u2019opposer \u00e0 la criminalisation de l\u2019exposition au VIH et de sa transmission (Open Society Foundations, 2008)<\/a><\/li>\n<li><a href=\"https:\/\/plateforme-elsa.org\/wp-content\/uploads\/2014\/07\/10-Reasons-French.pdf\" target=\"_blank\" rel=\"noopener\">10 raisons pour lesquelles la criminalisation de l\u2019exposition ou la transmission du VIH endommage les femmes (Athena Network, 2009)<\/a><\/li>\n<li><a href=\"http:\/\/www.hivjustice.net\/news\/2425\/\" target=\"_blank\" rel=\"noopener\">15 raisons pour lesquelles la p\u00e9nalisation du VIH nous porte pr\u00e9judice \u00e0 tous \u2013 en anglais (Lambda Legal, 2013)<\/a><\/li>\n<li><a href=\"http:\/\/www.hivjustice.net\/wp-content\/uploads\/2012\/03\/declaration_doslo_french.pdf\" target=\"_blank\" rel=\"noopener\">D\u00e9claration d\u2019Oslo sur la criminalisation du VIH (International Civil Society\/HIV Justice Network, 2012)<\/a><\/li>\n<li><a href=\"http:\/\/www.stigmaindex.org\/sites\/default\/files\/news-attachments\/ippf_criminalization_%5BFrench%5D_web_commentableab5e.pdf\" target=\"_blank\" rel=\"noopener\">Verdict sur un virus (IPPF\/GNP+\/ICW, 2008)<\/a><\/li>\n<\/ul>\n","protected":false},"excerpt":{"rendered":"<p>Lectures suppl\u00e9mentaires Dix raisons de s\u2019opposer \u00e0 la criminalisation de l\u2019exposition au VIH et de sa transmission (Open Society Foundations, 2008) 10 raisons pour lesquelles la criminalisation de l\u2019exposition ou la transmission du VIH endommage les femmes (Athena Network, 2009) 15 raisons pour lesquelles la p\u00e9nalisation du VIH nous porte pr\u00e9judice \u00e0 tous \u2013 en [&hellip;]<\/p>\n","protected":false},"author":1,"featured_media":0,"parent":0,"menu_order":103,"comment_status":"closed","ping_status":"closed","template":"page-faqs.php","meta":[],"acf":[],"_links":{"self":[{"href":"https:\/\/www.hivjusticeworldwide.org\/fr\/wp-json\/wp\/v2\/pages\/144"}],"collection":[{"href":"https:\/\/www.hivjusticeworldwide.org\/fr\/wp-json\/wp\/v2\/pages"}],"about":[{"href":"https:\/\/www.hivjusticeworldwide.org\/fr\/wp-json\/wp\/v2\/types\/page"}],"author":[{"embeddable":true,"href":"https:\/\/www.hivjusticeworldwide.org\/fr\/wp-json\/wp\/v2\/users\/1"}],"replies":[{"embeddable":true,"href":"https:\/\/www.hivjusticeworldwide.org\/fr\/wp-json\/wp\/v2\/comments?post=144"}],"version-history":[{"count":35,"href":"https:\/\/www.hivjusticeworldwide.org\/fr\/wp-json\/wp\/v2\/pages\/144\/revisions"}],"predecessor-version":[{"id":1079,"href":"https:\/\/www.hivjusticeworldwide.org\/fr\/wp-json\/wp\/v2\/pages\/144\/revisions\/1079"}],"wp:attachment":[{"href":"https:\/\/www.hivjusticeworldwide.org\/fr\/wp-json\/wp\/v2\/media?parent=144"}],"curies":[{"name":"wp","href":"https:\/\/api.w.org\/{rel}","templated":true}]}}