{"id":189,"date":"2017-06-13T00:12:14","date_gmt":"2017-06-13T00:12:14","guid":{"rendered":"https:\/\/www.hivjusticeworldwide.org\/?page_id=189\/"},"modified":"2023-09-20T10:24:28","modified_gmt":"2023-09-20T10:24:28","slug":"show-your-support","status":"publish","type":"page","link":"https:\/\/www.hivjusticeworldwide.org\/fr\/show-your-support\/","title":{"rendered":"Merci pour votre soutien \u00e0 HIV JUSTICE WORLDWIDE !"},"content":{"rendered":"<p>En remplissant ce formulaire et en soumettant les coordonn\u00e9es de votre organisation, vous confirmez que vous \u00eates autoris\u00e9 \u00e0 le faire par l&rsquo;organisation que vous repr\u00e9sentez.<\/p>\n<p>En soutenant ainsi HIV JUSTICE WORLDWIDE (HJWW), vous acceptez que le nom de votre organisation soit affich\u00e9 publiquement dans un petit encadr\u00e9 dans la section \u00ab\u00a0Sympathisants\u00a0\u00bb du site de HJWW. Si vous communiquez le logo de votre organisation, il appara\u00eetra \u00e0 la place du nom. En outre, si vous indiquez l&rsquo;URL du site de votre organisation, l&rsquo;encadr\u00e9 devient cliquable et renvoie \u00e0 l&rsquo;URL en question.<\/p>\n<p>Toutefois, si vous ne souhaitez pas que votre organisation apparaisse sur notre site, vous pouvez cocher la case \u00ab\u00a0pour usage interne uniquement\u00a0\u00bb ci-dessous.<\/p>\n<p>Les autres informations (champ d&rsquo;action de l&rsquo;organisation, personne \u00e0 contacter, adresse, etc.) ne seront jamais rendues publiques et sont r\u00e9serv\u00e9es \u00e0 un usage interne.<\/p>\n<p>En soutenant HIV JUSTICE WORLDWIDE, vous acceptez les principes \u00e9nonc\u00e9s ci-dessous ainsi que nos valeurs et nos principes.<\/p>\n","protected":false},"excerpt":{"rendered":"<p>En remplissant ce formulaire et en soumettant les coordonn\u00e9es de votre organisation, vous confirmez que vous \u00eates autoris\u00e9 \u00e0 le faire par l&rsquo;organisation que vous repr\u00e9sentez. En soutenant ainsi HIV JUSTICE WORLDWIDE (HJWW), vous acceptez que le nom de votre organisation soit affich\u00e9 publiquement dans un petit encadr\u00e9 dans la section \u00ab\u00a0Sympathisants\u00a0\u00bb du site de [&hellip;]<\/p>\n","protected":false},"author":1,"featured_media":0,"parent":0,"menu_order":93,"comment_status":"closed","ping_status":"closed","template":"page-join.php","meta":[],"acf":[],"_links":{"self":[{"href":"https:\/\/www.hivjusticeworldwide.org\/fr\/wp-json\/wp\/v2\/pages\/189"}],"collection":[{"href":"https:\/\/www.hivjusticeworldwide.org\/fr\/wp-json\/wp\/v2\/pages"}],"about":[{"href":"https:\/\/www.hivjusticeworldwide.org\/fr\/wp-json\/wp\/v2\/types\/page"}],"author":[{"embeddable":true,"href":"https:\/\/www.hivjusticeworldwide.org\/fr\/wp-json\/wp\/v2\/users\/1"}],"replies":[{"embeddable":true,"href":"https:\/\/www.hivjusticeworldwide.org\/fr\/wp-json\/wp\/v2\/comments?post=189"}],"version-history":[{"count":12,"href":"https:\/\/www.hivjusticeworldwide.org\/fr\/wp-json\/wp\/v2\/pages\/189\/revisions"}],"predecessor-version":[{"id":3929,"href":"https:\/\/www.hivjusticeworldwide.org\/fr\/wp-json\/wp\/v2\/pages\/189\/revisions\/3929"}],"wp:attachment":[{"href":"https:\/\/www.hivjusticeworldwide.org\/fr\/wp-json\/wp\/v2\/media?parent=189"}],"curies":[{"name":"wp","href":"https:\/\/api.w.org\/{rel}","templated":true}]}}