{"id":237,"date":"2017-06-14T10:06:51","date_gmt":"2017-06-14T10:06:51","guid":{"rendered":"https:\/\/www.hivjusticeworldwide.org\/?page_id=237\/"},"modified":"2023-09-20T07:50:31","modified_gmt":"2023-09-20T07:50:31","slug":"valeurs-et-principes","status":"publish","type":"page","link":"https:\/\/www.hivjusticeworldwide.org\/fr\/about\/valeurs-et-principes\/","title":{"rendered":"Valeurs et principes"},"content":{"rendered":"<h4>Mission<\/h4>\n<p>La mission de HIV JUSTICE WORLDWIDE est de chercher \u00e0 abolir les lois p\u00e9nales et autres lois similaires, les politiques et les pratiques qui r\u00e9glementent, contr\u00f4lent et punissent les personnes vivant avec le VIH en raison de leur statut s\u00e9rologique.<\/p>\n<h4>I &#8211; Nos convictions<\/h4>\n<ul>\n<li>Nous estimons que la\u00a0p\u00e9nalisation du VIH est discriminatoire, une violation des droits de l\u2019homme, qu\u2019elle porte atteinte \u00e0 la sant\u00e9 publique et qu\u2019elle nuit \u00e0 la sant\u00e9 et au bien-\u00eatre des individus.<\/li>\n<li>Nous estimons que la p\u00e9nalisation du VIH s\u2019inscrit dans le cadre d\u2019un probl\u00e8me plus vaste qui fait des communaut\u00e9s marginalis\u00e9es et vuln\u00e9rables des boucs \u00e9missaires, qui les cible, les harc\u00e8le, et les surveille.<\/li>\n<li>Nous estimons que les efforts de d\u00e9p\u00e9nalisation du VIH doivent \u00eatre men\u00e9s par les personnes les plus touch\u00e9es, notamment les personnes vivant avec le VIH, les organisations,les institutions et les r\u00e9seaux dirig\u00e9s par les personnes vivant avec le VIH et\/ou les personnes les plus touch\u00e9es par ces lois et ces poursuites.<\/li>\n<li>Nous estimons que le point de vue des personnes les plus concern\u00e9es par un probl\u00e8me doit \u00eatre central \u00e0 tout processus de d\u00e9cision.<\/li>\n<li>Nous estimons que les diff\u00e9rences r\u00e9gionales comptent beaucoup, et nous respectons les connaissances et les leaderships locaux.<\/li>\n<\/ul>\n<h4>II &#8211; Nos engagements<\/h4>\n<ul>\n<li>Nous nous engageons \u00e0 adopter une approche intersectionnelle dans notre travail de lutte contre la p\u00e9nalisation du VIH, notamment en d\u00e9veloppant activement des alliances avec les communaut\u00e9s surjudiciaris\u00e9es.<\/li>\n<li>Nous nous engageons \u00e0 centraliser le leadership, de fa\u00e7on appropri\u00e9e \u00e0 l\u2019\u00e9chelle r\u00e9gionale, autour des groupes les plus touch\u00e9s par la criminalisation et les plus susceptibles d\u2019\u00eatre touch\u00e9s par les d\u00e9cisions du comit\u00e9 directeur.<\/li>\n<li>Nous nous engageons \u00e0 soutenir l\u2019engagement \u00e9quitable des partenaires et des personnes concern\u00e9es<\/li>\n<li>Nous nous engageons \u00e0 la transparence dans notre travail, notamment dans le domaine des finances et du processus de d\u00e9cision.<\/li>\n<\/ul>\n<h4>III. Notre d\u00e9marche<\/h4>\n<ul>\n<li>Nous abordons notre travail avec l\u2019intention de soutenir un mouvement mondial grandissant pour mettre fin \u00e0 la p\u00e9nalisation du VIH et la criminalisation des communaut\u00e9s les plus touch\u00e9es par le VIH.<\/li>\n<li>A cette fin, nous accordons une grande valeur aux relations de collaboration et aux alliances strat\u00e9giques avec d\u2019autres partenaires qui partagent notre mission, nos valeurs et nos objectifs.<\/li>\n<li>Nous accordons une grande importance \u00e0 la coordination, la strat\u00e9gie et la transparence, de fa\u00e7on \u00e0 maximiser et \u00e0 partager les ressources pour pouvoir progresser vers notre vision d\u2019un monde o\u00f9 la criminalisation des personnes vivant avec le VIH est \u00e9radiqu\u00e9e.<\/li>\n<\/ul>\n","protected":false},"excerpt":{"rendered":"<p>Mission La mission de HIV JUSTICE WORLDWIDE est de chercher \u00e0 abolir les lois p\u00e9nales et autres lois similaires, les politiques et les pratiques qui r\u00e9glementent, contr\u00f4lent et punissent les personnes vivant avec le VIH en raison de leur statut s\u00e9rologique. I &#8211; Nos convictions Nous estimons que la\u00a0p\u00e9nalisation du VIH est discriminatoire, une violation [&hellip;]<\/p>\n","protected":false},"author":1,"featured_media":0,"parent":125,"menu_order":0,"comment_status":"closed","ping_status":"closed","template":"","meta":[],"acf":[],"_links":{"self":[{"href":"https:\/\/www.hivjusticeworldwide.org\/fr\/wp-json\/wp\/v2\/pages\/237"}],"collection":[{"href":"https:\/\/www.hivjusticeworldwide.org\/fr\/wp-json\/wp\/v2\/pages"}],"about":[{"href":"https:\/\/www.hivjusticeworldwide.org\/fr\/wp-json\/wp\/v2\/types\/page"}],"author":[{"embeddable":true,"href":"https:\/\/www.hivjusticeworldwide.org\/fr\/wp-json\/wp\/v2\/users\/1"}],"replies":[{"embeddable":true,"href":"https:\/\/www.hivjusticeworldwide.org\/fr\/wp-json\/wp\/v2\/comments?post=237"}],"version-history":[{"count":7,"href":"https:\/\/www.hivjusticeworldwide.org\/fr\/wp-json\/wp\/v2\/pages\/237\/revisions"}],"predecessor-version":[{"id":3926,"href":"https:\/\/www.hivjusticeworldwide.org\/fr\/wp-json\/wp\/v2\/pages\/237\/revisions\/3926"}],"up":[{"embeddable":true,"href":"https:\/\/www.hivjusticeworldwide.org\/fr\/wp-json\/wp\/v2\/pages\/125"}],"wp:attachment":[{"href":"https:\/\/www.hivjusticeworldwide.org\/fr\/wp-json\/wp\/v2\/media?parent=237"}],"curies":[{"name":"wp","href":"https:\/\/api.w.org\/{rel}","templated":true}]}}