{"id":240,"date":"2017-06-12T23:20:31","date_gmt":"2017-06-12T23:20:31","guid":{"rendered":"https:\/\/www.hivjusticeworldwide.org\/?page_id=240\/"},"modified":"2023-09-22T16:03:14","modified_gmt":"2023-09-22T16:03:14","slug":"steering-committee","status":"publish","type":"page","link":"https:\/\/www.hivjusticeworldwide.org\/fr\/about\/steering-committee\/","title":{"rendered":"Membres de la coalition"},"content":{"rendered":"<p class=\"p1\">Les membres de notre coalition sont des organisations nationales, r\u00e9gionales ou internationales qui adh\u00e8rent \u00e0 nos <a href=\"https:\/\/www.hivjusticeworldwide.org\/fr\/about\/valeurs-et-principes\/\">valeurs et principes<\/a> et souhaitent collaborer pour mettre fin \u00e0 la p\u00e9nalisation du VIH.<\/p>\n<p>HIV JUSTICE WORLDWIDE (HJWW) a \u00e9t\u00e9 fond\u00e9e en 2016 par sept partenaires :<\/p>\n<h3>Les partenaires fondateurs<\/h3>\n\r\n\t\t\t<section class=\"section-logos\">\r\n\t\t\t\t<div class=\"logo-wall partner-logos\">\r\n\r\n\t\t\t\t\t\t\t\t\t\t\r\n\t\t\t\t\t\t<div class=\"logo-item\" data-id=\"205\">\t\r\n\t\t\t\t\t\t\t\t\t\t\t\t\t\t<a class=\"logo\" href=\"http:\/\/arasa.info\/\" target=\"_blank\" style=\"background-image: url('https:\/\/www.hivjusticeworldwide.org\/wp-content\/uploads\/2017\/06\/ARASA_VECTOR-LOGO-copy-2-400x337.jpg');\"><img src=\"https:\/\/www.hivjusticeworldwide.org\/wp-content\/uploads\/2017\/06\/ARASA_VECTOR-LOGO-copy-2-400x337.jpg\"\/><\/a>\r\n\t\t\t\t\t\t\t\t\t\t\t\t\t<\/div>\r\n\r\n\t\t\t\t\t\t\t\t\t\t\r\n\t\t\t\t\t\t<div class=\"logo-item\" data-id=\"211\">\t\r\n\t\t\t\t\t\t\t\t\t\t\t\t\t\t<a class=\"logo\" href=\"https:\/\/www.gnpplus.net\/\" target=\"_blank\" style=\"background-image: url('https:\/\/www.hivjusticeworldwide.org\/wp-content\/uploads\/2017\/06\/gnp_logo-300x108.png');\"><img src=\"https:\/\/www.hivjusticeworldwide.org\/wp-content\/uploads\/2017\/06\/gnp_logo-300x108.png\"\/><\/a>\r\n\t\t\t\t\t\t\t\t\t\t\t\t\t<\/div>\r\n\r\n\t\t\t\t\t\t\t\t\t\t\r\n\t\t\t\t\t\t<div class=\"logo-item\" data-id=\"218\">\t\r\n\t\t\t\t\t\t\t\t\t\t\t\t\t\t<a class=\"logo\" href=\"http:\/\/www.hivjustice.net\/\" target=\"_blank\" style=\"background-image: url('https:\/\/www.hivjusticeworldwide.org\/wp-content\/uploads\/2017\/06\/HJN-160x160.png');\"><img src=\"https:\/\/www.hivjusticeworldwide.org\/wp-content\/uploads\/2017\/06\/HJN-160x160.png\"\/><\/a>\r\n\t\t\t\t\t\t\t\t\t\t\t\t\t<\/div>\r\n\r\n\t\t\t\t\t\t\t\t\t\t\r\n\t\t\t\t\t\t<div class=\"logo-item\" data-id=\"207\">\t\r\n\t\t\t\t\t\t\t\t\t\t\t\t\t\t<a class=\"logo\" href=\"https:\/\/www.hivlegalnetwork.ca\" target=\"_blank\" style=\"background-image: url('https:\/\/www.hivjusticeworldwide.org\/wp-content\/uploads\/2017\/06\/hiv-legal-network-reseau-juridique-vih-logo-new-380x214.jpg');\"><img src=\"https:\/\/www.hivjusticeworldwide.org\/wp-content\/uploads\/2017\/06\/hiv-legal-network-reseau-juridique-vih-logo-new-380x214.jpg\"\/><\/a>\r\n\t\t\t\t\t\t\t\t\t\t\t\t\t<\/div>\r\n\r\n\t\t\t\t\t\t\t\t\t\t\r\n\t\t\t\t\t\t<div class=\"logo-item\" data-id=\"212\">\t\r\n\t\t\t\t\t\t\t\t\t\t\t\t\t\t<a class=\"logo\" href=\"https:\/\/www.wlhiv.org\/\" target=\"_blank\" style=\"background-image: url('https:\/\/www.hivjusticeworldwide.org\/wp-content\/uploads\/2017\/06\/ICW-Logo-B.May2024-400x169.jpg');\"><img src=\"https:\/\/www.hivjusticeworldwide.org\/wp-content\/uploads\/2017\/06\/ICW-Logo-B.May2024-400x169.jpg\"\/><\/a>\r\n\t\t\t\t\t\t\t\t\t\t\t\t\t<\/div>\r\n\r\n\t\t\t\t\t\t\t\t\t\t\r\n\t\t\t\t\t\t<div class=\"logo-item\" data-id=\"214\">\t\r\n\t\t\t\t\t\t\t\t\t\t\t\t\t\t<a class=\"logo\" href=\"https:\/\/www.pwn-usa.org\/\" target=\"_blank\" style=\"background-image: url('https:\/\/www.hivjusticeworldwide.org\/wp-content\/uploads\/2017\/06\/PWN-400x117.png');\"><img src=\"https:\/\/www.hivjusticeworldwide.org\/wp-content\/uploads\/2017\/06\/PWN-400x117.png\"\/><\/a>\r\n\t\t\t\t\t\t\t\t\t\t\t\t\t<\/div>\r\n\r\n\t\t\t\t\t\t\t\t\t\t\r\n\t\t\t\t\t\t<div class=\"logo-item\" data-id=\"216\">\t\r\n\t\t\t\t\t\t\t\t\t\t\t\t\t\t<a class=\"logo\" href=\"http:\/\/www.seroproject.com\/\" target=\"_blank\" style=\"background-image: url('https:\/\/www.hivjusticeworldwide.org\/wp-content\/uploads\/2017\/06\/2-400x200.jpeg');\"><img src=\"https:\/\/www.hivjusticeworldwide.org\/wp-content\/uploads\/2017\/06\/2-400x200.jpeg\"\/><\/a>\r\n\t\t\t\t\t\t\t\t\t\t\t\t\t<\/div>\r\n\r\n\t\t\t\t\t\r\n\t\t\t\t<\/div>\r\n\t\t\t<\/section>\r\n\r\n\r\n  \n<p>&nbsp;<\/p>\n<p>Depuis, sept autres partenaires ont \u00e9t\u00e9 invit\u00e9s \u00e0 rejoindre la coalition:<\/p>\n<h3>Les partenaires additionnels<\/h3>\n\r\n\t\t\t<section class=\"section-logos\">\r\n\t\t\t\t<div class=\"logo-wall partner-logos\">\r\n\r\n\t\t\t\t\t\t\t\t\t\t\r\n\t\t\t\t\t\t<div class=\"logo-item\" data-id=\"504\">\t\r\n\t\t\t\t\t\t\t\t\t\t\t\t\t\t<a class=\"logo\" href=\"http:\/\/www.aidsactioneurope.org\" target=\"_blank\" style=\"background-image: url('https:\/\/www.hivjusticeworldwide.org\/wp-content\/uploads\/2017\/06\/Logo-AAE-72dpi-400x275.jpg');\"><img src=\"https:\/\/www.hivjusticeworldwide.org\/wp-content\/uploads\/2017\/06\/Logo-AAE-72dpi-400x275.jpg\"\/><\/a>\r\n\t\t\t\t\t\t\t\t\t\t\t\t\t<\/div>\r\n\r\n\t\t\t\t\t\t\t\t\t\t\r\n\t\t\t\t\t\t<div class=\"logo-item\" data-id=\"3076\">\t\r\n\t\t\t\t\t\t\t\t\t\t\t\t\t\t<a class=\"logo\" href=\"https:\/\/ewna.org\/\" target=\"_blank\" style=\"background-image: url('https:\/\/www.hivjusticeworldwide.org\/wp-content\/uploads\/2023\/06\/EWNA-logo-377x288.png');\"><img src=\"https:\/\/www.hivjusticeworldwide.org\/wp-content\/uploads\/2023\/06\/EWNA-logo-377x288.png\"\/><\/a>\r\n\t\t\t\t\t\t\t\t\t\t\t\t\t<\/div>\r\n\r\n\t\t\t\t\t\t\t\t\t\t\r\n\t\t\t\t\t\t<div class=\"logo-item\" data-id=\"4181\">\t\r\n\t\t\t\t\t\t\t\t\t\t\t\t\t\t<a class=\"logo\" href=\"https:\/\/frontlineaids.org\/\" target=\"_blank\" style=\"background-image: url('https:\/\/www.hivjusticeworldwide.org\/wp-content\/uploads\/2024\/05\/Frontline-AIDS-logo-400x160.png');\"><img src=\"https:\/\/www.hivjusticeworldwide.org\/wp-content\/uploads\/2024\/05\/Frontline-AIDS-logo-400x160.png\"\/><\/a>\r\n\t\t\t\t\t\t\t\t\t\t\t\t\t<\/div>\r\n\r\n\t\t\t\t\t\t\t\t\t\t\r\n\t\t\t\t\t\t<div class=\"logo-item\" data-id=\"4176\">\t\r\n\t\t\t\t\t\t\t\t\t\t\t\t\t\t<a class=\"logo\" href=\"https:\/\/www.nswp.org\/\" target=\"_blank\" style=\"background-image: url('https:\/\/www.hivjusticeworldwide.org\/wp-content\/uploads\/2024\/05\/NSWP-Logo-text-belowCMYK-400x155.jpg');\"><img src=\"https:\/\/www.hivjusticeworldwide.org\/wp-content\/uploads\/2024\/05\/NSWP-Logo-text-belowCMYK-400x155.jpg\"\/><\/a>\r\n\t\t\t\t\t\t\t\t\t\t\t\t\t<\/div>\r\n\r\n\t\t\t\t\t\t\t\t\t\t\r\n\t\t\t\t\t\t<div class=\"logo-item\" data-id=\"3081\">\t\r\n\t\t\t\t\t\t\t\t\t\t\t\t\t\t<a class=\"logo\" href=\"https:\/\/hri.global\/\" target=\"_blank\" style=\"background-image: url('https:\/\/www.hivjusticeworldwide.org\/wp-content\/uploads\/2023\/06\/HRI-logo-2000x320-1-400x64.png');\"><img src=\"https:\/\/www.hivjusticeworldwide.org\/wp-content\/uploads\/2023\/06\/HRI-logo-2000x320-1-400x64.png\"\/><\/a>\r\n\t\t\t\t\t\t\t\t\t\t\t\t\t<\/div>\r\n\r\n\t\t\t\t\t\t\t\t\t\t\r\n\t\t\t\t\t\t<div class=\"logo-item\" data-id=\"2336\">\t\r\n\t\t\t\t\t\t\t\t\t\t\t\t\t\t<a class=\"logo\" href=\"https:\/\/mena-community.org\" target=\"_blank\" style=\"background-image: url('https:\/\/www.hivjusticeworldwide.org\/wp-content\/uploads\/2021\/05\/351330654_1271019090172356_780737199628614111_n-400x400.jpg');\"><img src=\"https:\/\/www.hivjusticeworldwide.org\/wp-content\/uploads\/2021\/05\/351330654_1271019090172356_780737199628614111_n-400x400.jpg\"\/><\/a>\r\n\t\t\t\t\t\t\t\t\t\t\t\t\t<\/div>\r\n\r\n\t\t\t\t\t\t\t\t\t\t\r\n\t\t\t\t\t\t<div class=\"logo-item\" data-id=\"719\">\t\r\n\t\t\t\t\t\t\t\t\t\t\t\t\t\t<a class=\"logo\" href=\"https:\/\/mpactglobal.org\/\" target=\"_blank\" style=\"background-image: url('https:\/\/www.hivjusticeworldwide.org\/wp-content\/uploads\/2017\/07\/MPact-logo-269x89.png');\"><img src=\"https:\/\/www.hivjusticeworldwide.org\/wp-content\/uploads\/2017\/07\/MPact-logo-269x89.png\"\/><\/a>\r\n\t\t\t\t\t\t\t\t\t\t\t\t\t<\/div>\r\n\r\n\t\t\t\t\t\t\t\t\t\t\r\n\t\t\t\t\t\t<div class=\"logo-item\" data-id=\"691\">\t\r\n\t\t\t\t\t\t\t\t\t\t\t\t\t\t<a class=\"logo\" href=\"http:\/\/www.southernafricalitigationcentre.org\" target=\"_blank\" style=\"background-image: url('https:\/\/www.hivjusticeworldwide.org\/wp-content\/uploads\/2017\/07\/SALC-image-400x222.jpg');\"><img src=\"https:\/\/www.hivjusticeworldwide.org\/wp-content\/uploads\/2017\/07\/SALC-image-400x222.jpg\"\/><\/a>\r\n\t\t\t\t\t\t\t\t\t\t\t\t\t<\/div>\r\n\r\n\t\t\t\t\t\t\t\t\t\t\r\n\t\t\t\t\t\t<div class=\"logo-item\" data-id=\"3086\">\t\r\n\t\t\t\t\t\t\t\t\t\t\t\t\t\t<a class=\"logo\" href=\"https:\/\/www.yplusglobal.org\/\" target=\"_blank\" style=\"background-image: url('https:\/\/www.hivjusticeworldwide.org\/wp-content\/uploads\/2023\/06\/Y-e1688467165786-400x101.jpg');\"><img src=\"https:\/\/www.hivjusticeworldwide.org\/wp-content\/uploads\/2023\/06\/Y-e1688467165786-400x101.jpg\"\/><\/a>\r\n\t\t\t\t\t\t\t\t\t\t\t\t\t<\/div>\r\n\r\n\t\t\t\t\t\r\n\t\t\t\t<\/div>\r\n\t\t\t<\/section>\r\n\r\n\r\n  \n<p class=\"p1\">La majorit\u00e9 des organisations membres de la coalition comptent des personnes vivant avec le VIH au sein de leur conseil d&rsquo;administration et\/ou dans des fonctions de direction au sein de l&rsquo;organisation.<\/p>\n<p class=\"p1\">Bien que les 14 membres de la coalition pilotent les activit\u00e9s de HJWW, nous sommes ouverts \u00e0 toute collaboration ponctuelle ou permanente avec d&rsquo;autres groupes\/r\u00e9seaux\/organisations sur des projets et initiatives sp\u00e9cifiques.<\/p>\n<p class=\"p1\">Visitez la page <a href=\"https:\/\/www.hivjusticeworldwide.org\/fr\/about\/contact-us\/\">Restez inform\u00e9.e.s \/ Contactez-nous<\/a> pour d\u00e9couvrir comment nous soutenir et\/ou collaborer.<\/p>\n","protected":false},"excerpt":{"rendered":"<p>Les membres de notre coalition sont des organisations nationales, r\u00e9gionales ou internationales qui adh\u00e8rent \u00e0 nos valeurs et principes et souhaitent collaborer pour mettre fin \u00e0 la p\u00e9nalisation du VIH. HIV JUSTICE WORLDWIDE (HJWW) a \u00e9t\u00e9 fond\u00e9e en 2016 par sept partenaires : Les partenaires fondateurs &nbsp; Depuis, sept autres partenaires ont \u00e9t\u00e9 invit\u00e9s \u00e0 [&hellip;]<\/p>\n","protected":false},"author":1,"featured_media":0,"parent":125,"menu_order":0,"comment_status":"closed","ping_status":"closed","template":"","meta":[],"acf":[],"_links":{"self":[{"href":"https:\/\/www.hivjusticeworldwide.org\/fr\/wp-json\/wp\/v2\/pages\/240"}],"collection":[{"href":"https:\/\/www.hivjusticeworldwide.org\/fr\/wp-json\/wp\/v2\/pages"}],"about":[{"href":"https:\/\/www.hivjusticeworldwide.org\/fr\/wp-json\/wp\/v2\/types\/page"}],"author":[{"embeddable":true,"href":"https:\/\/www.hivjusticeworldwide.org\/fr\/wp-json\/wp\/v2\/users\/1"}],"replies":[{"embeddable":true,"href":"https:\/\/www.hivjusticeworldwide.org\/fr\/wp-json\/wp\/v2\/comments?post=240"}],"version-history":[{"count":15,"href":"https:\/\/www.hivjusticeworldwide.org\/fr\/wp-json\/wp\/v2\/pages\/240\/revisions"}],"predecessor-version":[{"id":4043,"href":"https:\/\/www.hivjusticeworldwide.org\/fr\/wp-json\/wp\/v2\/pages\/240\/revisions\/4043"}],"up":[{"embeddable":true,"href":"https:\/\/www.hivjusticeworldwide.org\/fr\/wp-json\/wp\/v2\/pages\/125"}],"wp:attachment":[{"href":"https:\/\/www.hivjusticeworldwide.org\/fr\/wp-json\/wp\/v2\/media?parent=240"}],"curies":[{"name":"wp","href":"https:\/\/api.w.org\/{rel}","templated":true}]}}