{"id":4335,"date":"2026-02-27T13:24:16","date_gmt":"2026-02-27T13:24:16","guid":{"rendered":"https:\/\/www.hivjusticeworldwide.org\/?page_id=4335"},"modified":"2026-02-27T13:46:58","modified_gmt":"2026-02-27T13:46:58","slug":"declaration-de-hiv-justice-worldwide-a-loccasion-de-la-journee-hiv-is-not-a-crime-le-vih-nest-pas-un-crime","status":"publish","type":"page","link":"https:\/\/www.hivjusticeworldwide.org\/fr\/declaration-de-hiv-justice-worldwide-a-loccasion-de-la-journee-hiv-is-not-a-crime-le-vih-nest-pas-un-crime\/","title":{"rendered":"D\u00e9claration de HIV JUSTICE WORLDWIDE \u00e0 l\u2019occasion de la Journ\u00e9e \u00ab HIV Is Not a Crime \u00bb (Le VIH n\u2019est pas un crime)"},"content":{"rendered":"<p><b><span dir=\"auto\" style=\"vertical-align: inherit;\"><span dir=\"auto\" style=\"vertical-align: inherit;\"><img decoding=\"async\" loading=\"lazy\" class=\"aligncenter wp-image-4326 size-large\" src=\"https:\/\/www.hivjusticeworldwide.org\/wp-content\/uploads\/2026\/02\/NL-header-2026-02-27-HINACDay-2026-1024x576.png\" alt=\"\" width=\"1024\" height=\"576\" srcset=\"https:\/\/www.hivjusticeworldwide.org\/wp-content\/uploads\/2026\/02\/NL-header-2026-02-27-HINACDay-2026-1024x576.png 1024w, https:\/\/www.hivjusticeworldwide.org\/wp-content\/uploads\/2026\/02\/NL-header-2026-02-27-HINACDay-2026-600x337.png 600w, https:\/\/www.hivjusticeworldwide.org\/wp-content\/uploads\/2026\/02\/NL-header-2026-02-27-HINACDay-2026-768x432.png 768w, https:\/\/www.hivjusticeworldwide.org\/wp-content\/uploads\/2026\/02\/NL-header-2026-02-27-HINACDay-2026.png 1128w, https:\/\/www.hivjusticeworldwide.org\/wp-content\/uploads\/2026\/02\/NL-header-2026-02-27-HINACDay-2026-400x225.png 400w, https:\/\/www.hivjusticeworldwide.org\/wp-content\/uploads\/2026\/02\/NL-header-2026-02-27-HINACDay-2026-1600x900.png 1600w\" sizes=\"(max-width: 1024px) 100vw, 1024px\" \/><\/span><\/span><\/b><\/p>\n<p><b>28 f\u00e9vrier 2026<\/b><\/p>\n<p><b>La sant\u00e9, pas les menottes.<\/b><b><br \/>\n<\/b><i><span style=\"font-weight: 400;\">La stigmatisation n\u2019est pas une protection. La criminalisation n\u2019est pas une pr\u00e9vention. Le VIH n\u2019est pas un crime.<\/span><\/i><\/p>\n<p><span style=\"font-weight: 400;\">\u00c0 l\u2019occasion de la Journ\u00e9e \u00ab HIV Is Not a Crime \u00bb, la coalition HIV JUSTICE WORLDWIDE exprime sa profonde inqui\u00e9tude face \u00e0 une tendance mondiale en pleine expansion : la r\u00e9surgence et l\u2019extension de lois qui criminalisent les personnes lesbiennes, gays, bisexuelles, transgenres et autres personnes de diverses identit\u00e9s de genre, ainsi que les personnes vivant avec le VIH.<\/span><\/p>\n<p><span style=\"font-weight: 400;\">Les \u00e9v\u00e9nements r\u00e9cents en Afrique de l\u2019Ouest l&rsquo;illustrent clairement. <\/span><a href=\"https:\/\/www.hivjustice.net\/cases\/senegal-crackdown-on-lgbtq-people-intensifies-with-multiple-arrests\/\"><span style=\"font-weight: 400;\">Une vague d\u2019arrestations visant des hommes gays et d\u2019autres hommes ayant des rapports sexuels avec des hommes s\u2019est accompagn\u00e9e de tests VIH obligatoires et de poursuites sans pr\u00e9c\u00e9dent li\u00e9es au VIH<\/span><\/a><span style=\"font-weight: 400;\">, bon nombre des personnes d\u00e9tenues ayant ensuite \u00e9t\u00e9 identifi\u00e9es comme vivant avec le VIH. La convergence des lois anti-homosexualit\u00e9 et des dispositions de p\u00e9nalisation du VIH a cr\u00e9\u00e9 une situation explosive dans laquelle l\u2019identit\u00e9 et le statut s\u00e9rologique sont utilis\u00e9s conjointement pour justifier la surveillance, les poursuites judiciaires et l\u2019humiliation publique. En r\u00e9ponse, le Conseil national de lutte contre le sida (CNLS) du S\u00e9n\u00e9gal <\/span><a href=\"https:\/\/www.hivjustice.net\/news-from-other-sources\/senegal-following-recent-arrests-the-national-aids-council-calls-for-an-approach-based-on-science-and-human-rights\/\"><span style=\"font-weight: 400;\">a publiquement appel\u00e9 \u00e0 une approche fond\u00e9e sur la science et les droits humains<\/span><\/a><span style=\"font-weight: 400;\">, soulignant l\u2019impact n\u00e9faste de ces poursuites sur la sant\u00e9 publique.<\/span><\/p>\n<p><span style=\"font-weight: 400;\">Ces \u00e9volutions ne sont pas isol\u00e9es. \u00c0 l\u2019\u00e9chelle mondiale, <\/span><a href=\"https:\/\/www.hivjustice.net\/news\/new-global-data-reveals-rising-hiv-criminalisation-amid-stalling-legal-reforms\/\"><span style=\"font-weight: 400;\">83 pays maintiennent des lois sp\u00e9cifiques criminalisant le VIH<\/span><\/a><span style=\"font-weight: 400;\"> et <\/span><a href=\"https:\/\/database.ilga.org\/criminalisation-consensual-same-sex-sexual-acts\"><span style=\"font-weight: 400;\">65 continuent de criminaliser les relations consensuelles entre personnes de m\u00eame sexe<\/span><\/a><span style=\"font-weight: 400;\">. Dans plusieurs juridictions, des propositions visant \u00e0 \u00e9tendre ou \u00e0 r\u00e9tablir des sanctions contre les relations sexuelles entre personnes de m\u00eame sexe et \u00e0 restreindre la d\u00e9fense de leurs droits \u00e9mergent parall\u00e8lement \u00e0 une application agressive des lois de p\u00e9nalisation du VIH. Ces r\u00e9gimes juridiques se renforcent mutuellement : lorsque les relations entre personnes de m\u00eame sexe sont criminalis\u00e9es, le statut s\u00e9rologique devient un instrument suppl\u00e9mentaire de surveillance, de punition et d\u2019abus.<\/span><\/p>\n<p><span style=\"font-weight: 400;\">La p\u00e9nalisation n\u2019est pas une politique de sant\u00e9 publique. C\u2019est la stigmatisation instrumentalis\u00e9e par l\u2019\u00c9tat. Lorsque des lois homophobes sont promulgu\u00e9es ou appliqu\u00e9es, la p\u00e9nalisation du VIH devient un m\u00e9canisme suppl\u00e9mentaire de violation des droits et d\u00e9tourne les communaut\u00e9s du syst\u00e8me de sant\u00e9. Les hommes gays, les travailleuses et travailleurs du sexe, les personnes trans et d\u2019autres groupes marginalis\u00e9s peuvent \u00eatre soumis \u00e0 des tests forc\u00e9s, \u00e0 la divulgation coercitive de leur statut, \u00e0 des poursuites discriminatoires et \u00e0 une panique morale aliment\u00e9e par les m\u00e9dias. Dans ces situations, le droit p\u00e9nal est utilis\u00e9 non pas pour pr\u00e9venir un pr\u00e9judice, mais pour stigmatiser, intimider et r\u00e9duire au silence.<\/span><\/p>\n<p><span style=\"font-weight: 400;\">Nous reconnaissons que cette tendance s\u2019inscrit dans des offensives anti-droits plus larges qui \u00e9tendent le recours au droit p\u00e9nal pour r\u00e9guler la sexualit\u00e9, l\u2019identit\u00e9 de genre, les droits reproductifs et la libert\u00e9 de mouvement, tout en r\u00e9duisant l\u2019espace civique et en affaiblissant les garanties de l\u2019\u00c9tat de droit.<\/span><\/p>\n<p><span style=\"font-weight: 400;\">Nous exprimons notre solidarit\u00e9 avec toutes les communaut\u00e9s cibl\u00e9es par ces lois discriminatoires et leur application injuste. Les lois qui permettent de tels abus doivent \u00eatre abrog\u00e9es.<\/span><\/p>\n<h3><b>HIV JUSTICE WORLDWIDE appelle :<\/b><\/h3>\n<p><b>Les gouvernements<\/b><span style=\"font-weight: 400;\"> \u00e0 mettre fin et \u00e0 inverser l\u2019extension des lois qui criminalisent la non-divulgation du VIH, l\u2019exposition potentielle ou per\u00e7ue, ou la transmission non intentionnelle, ainsi que celles qui criminalisent les relations intimes entre personnes de m\u00eame sexe, et \u00e0 veiller \u00e0 ce que les politiques de sant\u00e9 publique ne soient jamais d\u00e9tourn\u00e9es \u00e0 des fins punitives. Les tests de d\u00e9pistage du VIH forc\u00e9s, la divulgation contrainte, la divulgation publique des noms et les poursuites discriminatoires n\u2019ont pas leur place dans un syst\u00e8me juridique fond\u00e9 sur les droits.<\/span><\/p>\n<p><b>Les procureurs et les tribunaux<\/b><span style=\"font-weight: 400;\"> \u00e0 garantir le respect des garanties proc\u00e9durales et de l\u2019\u00e9galit\u00e9 devant la loi, et \u00e0 refuser d\u2019appliquer des dispositions p\u00e9nales de mani\u00e8re \u00e0 cibler des individus en raison de leur identit\u00e9, de leurs relations ou de leur \u00e9tat de sant\u00e9. La discr\u00e9tion doit \u00eatre exerc\u00e9e conform\u00e9ment aux donn\u00e9es scientifiques actuelles et aux normes internationales en mati\u00e8re de droits humains.<\/span><\/p>\n<p><b>Les autorit\u00e9s sanitaires<\/b><span style=\"font-weight: 400;\"> \u00e0 prot\u00e9ger activement la confidentialit\u00e9 et \u00e0 r\u00e9affirmer que les services de sant\u00e9 existent pour servir les patient\u00b7e\u00b7s, et non les forces de l\u2019ordre. La confiance dans les syst\u00e8mes de sant\u00e9 est essentielle \u00e0 l\u2019efficacit\u00e9 de la pr\u00e9vention, du traitement et des soins.<\/span><\/p>\n<p><b>Les professionnel\u00b7le\u00b7s des m\u00e9dias<\/b><span style=\"font-weight: 400;\"> \u00e0 reconna\u00eetre l\u2019impact de leurs reportages. Une couverture sensationnaliste, des informations inexactes et des r\u00e9actions de panique morale alimentent la stigmatisation et peuvent influencer les proc\u00e9dures judiciaires. Des informations pr\u00e9cises, \u00e9quilibr\u00e9es et fond\u00e9es sur les donn\u00e9es scientifiques favorisent la sant\u00e9 publique et l\u2019\u00e9galit\u00e9 des droits.<\/span><\/p>\n<p><b><span dir=\"auto\" style=\"vertical-align: inherit;\"><span dir=\"auto\" style=\"vertical-align: inherit;\">Les institutions internationales et les bailleurs de fonds<span style=\"font-weight: 400;\"> \u00e0 s\u2019opposer clairement \u00e0 la (re)p\u00e9nalisation des communaut\u00e9s LGBTQ+ et \u00e0 l\u2019application agressive des lois relatives au VIH, et \u00e0 continuer \u00e0 soutenir les r\u00e9ponses communautaires, fond\u00e9es sur des donn\u00e9es probantes et ancr\u00e9es dans la dignit\u00e9, l\u2019\u00e9galit\u00e9 et la justice.<\/span><br \/>\n<\/span><\/span><\/b><\/p>\n<p><a href=\"https:\/\/www.hivjusticeworldwide.org\/wp-content\/uploads\/2026\/02\/HINACDay-2026-HJWW-Statement-FR.pdf\"><strong>T\u00e9l\u00e9charger la d\u00e9claration ici (pdf)<\/strong><\/a><\/p>\n<p><iframe loading=\"lazy\" class=\"scribd_iframe_embed\" tabindex=\"0\" title=\"D\u00e9claration de HIV JUSTICE WORLDWIDE \u00e0 l\u2019occasion de la Journ\u00e9e \u00ab HIV Is Not a Crime \u00bb (Le VIH n\u2019est pas un crime)\" src=\"https:\/\/www.scribd.com\/embeds\/1004854427\/content?start_page=1&amp;view_mode=scroll&amp;access_key=key-NfDuIOhCqVxA0v46zSLp\" width=\"100%\" height=\"600\" frameborder=\"0\" scrolling=\"no\" data-auto-height=\"true\" data-aspect-ratio=\"0.7066666666666667\"><\/iframe><\/p>\n","protected":false},"excerpt":{"rendered":"<p>28 f\u00e9vrier 2026 La sant\u00e9, pas les menottes. La stigmatisation n\u2019est pas une protection. La criminalisation n\u2019est pas une pr\u00e9vention. Le VIH n\u2019est pas un crime. \u00c0 l\u2019occasion de la Journ\u00e9e \u00ab HIV Is Not a Crime \u00bb, la coalition HIV JUSTICE WORLDWIDE exprime sa profonde inqui\u00e9tude face \u00e0 une tendance mondiale en pleine expansion [&hellip;]<\/p>\n","protected":false},"author":2,"featured_media":0,"parent":0,"menu_order":0,"comment_status":"closed","ping_status":"closed","template":"","meta":[],"acf":[],"_links":{"self":[{"href":"https:\/\/www.hivjusticeworldwide.org\/fr\/wp-json\/wp\/v2\/pages\/4335"}],"collection":[{"href":"https:\/\/www.hivjusticeworldwide.org\/fr\/wp-json\/wp\/v2\/pages"}],"about":[{"href":"https:\/\/www.hivjusticeworldwide.org\/fr\/wp-json\/wp\/v2\/types\/page"}],"author":[{"embeddable":true,"href":"https:\/\/www.hivjusticeworldwide.org\/fr\/wp-json\/wp\/v2\/users\/2"}],"replies":[{"embeddable":true,"href":"https:\/\/www.hivjusticeworldwide.org\/fr\/wp-json\/wp\/v2\/comments?post=4335"}],"version-history":[{"count":11,"href":"https:\/\/www.hivjusticeworldwide.org\/fr\/wp-json\/wp\/v2\/pages\/4335\/revisions"}],"predecessor-version":[{"id":4354,"href":"https:\/\/www.hivjusticeworldwide.org\/fr\/wp-json\/wp\/v2\/pages\/4335\/revisions\/4354"}],"wp:attachment":[{"href":"https:\/\/www.hivjusticeworldwide.org\/fr\/wp-json\/wp\/v2\/media?parent=4335"}],"curies":[{"name":"wp","href":"https:\/\/api.w.org\/{rel}","templated":true}]}}