{"id":555,"date":"2017-06-22T14:42:29","date_gmt":"2017-06-22T14:42:29","guid":{"rendered":"https:\/\/www.hivjusticeworldwide.org\/?page_id=555\/"},"modified":"2024-01-16T16:58:32","modified_gmt":"2024-01-16T16:58:32","slug":"contact-us","status":"publish","type":"page","link":"https:\/\/www.hivjusticeworldwide.org\/fr\/about\/contact-us\/","title":{"rendered":"Restez inform\u00e9.e.s \/ Contactez-nous"},"content":{"rendered":"<p class=\"p1\"><strong>HIV JUSTICE NEWS<\/strong><\/p>\n<p class=\"p1\">Restez inform\u00e9.e.s en vous abonnant \u00e0 la <a href=\"https:\/\/www.hivjustice.net\/newsletter\/\" target=\"_blank\" rel=\"noopener\">lettre d&rsquo;information du HIV Justice Network<\/a>\u00a0(disponible uniquement en anglais).<\/p>\n<p class=\"p1\"><strong>BASE DE DONN\u00c9ES MONDIALE SUR LA P\u00c9NALISATION DU VIH<\/strong><\/p>\n<p>Pour trouver des organisations travaillant sur un aspect de la p\u00e9nalisation du VIH (par exemple, le plaidoyer, l&rsquo;\u00e9ducation, les services juridiques, la recherche), vous pouvez <a href=\"https:\/\/www.hivjustice.net\/global-hiv-criminalisation-database\/organisations\/\" target=\"_blank\" rel=\"noopener\">consulter la base de donn\u00e9es mondiale sur la p\u00e9nalisation du VIH<\/a> pour trouver une organisation dans votre zone, votre pays ou votre r\u00e9gion.<\/p>\n<p>Si votre organisation travaille dans le domaine de la p\u00e9nalisation du VIH et qu&rsquo;elle n&rsquo;est pas encore r\u00e9pertori\u00e9e, il vous suffit de <a href=\"https:\/\/www.hivjustice.net\/organisations\/add-new-organisation\/\" target=\"_blank\" rel=\"noopener\">remplir ce formulaire<\/a> pour y figurer.<\/p>\n<p class=\"p1\"><strong>MANIFESTEZ VOTRE SOUTIEN<\/strong><\/p>\n<p class=\"p1\">Pour manifester votre soutien et faire figurer le logo de votre organisation sur la page d&rsquo;accueil de ce site, dans la liste de nos sympathisants, veuillez <a href=\"https:\/\/www.hivjusticeworldwide.org\/fr\/show-your-support\/\">remplir ce formulaire<\/a>.<strong><span style=\"color: #ff0000;\">\u00a0<\/span><\/strong><\/p>\n<p><strong>ADH\u00c9REZ \u00c0 NOS LISTES DE DIFFUSION\u00a0<\/strong><\/p>\n<p>Si vous repr\u00e9sentez un r\u00e9seau ou une organisation, vous adh\u00e9rer aux listes de diffusion de HIV JUSTICE WORLDWIDE et \u00e9changer avec des personnes comme vous &#8211; militants, chercheurs, avocats, responsables politiques et autres personnes qui \u0153uvrent pour mettre un terme \u00e0 la p\u00e9nalisation du VIH. Nos listservs sont des espaces con\u00e7us pour \u00e9laborer des strat\u00e9gies, partager des ressources, annoncer des \u00e9v\u00e9nements, coordonner et demander conseil.<\/p>\n<p>Adh\u00e9rez \u00e0 la liste de diffusion anglophone : <a href=\"https:\/\/hivjusticeworldwide.groups.io\/g\/main\" target=\"_blank\" rel=\"noopener\">https:\/\/hivjusticeworldwide.groups.io\/g\/main<\/a><br \/>\nAdh\u00e9rez \u00e0 la liste de diffusion francophone : <a href=\"https:\/\/hivjusticeworldwide.groups.io\/g\/Espacefrancophone\" target=\"_blank\" rel=\"noopener\">https:\/\/hivjusticeworldwide.groups.io\/g\/Espacefrancophone<\/a><br \/>\nAdh\u00e9rez \u00e0 la liste de diffusion hispanophone : <a href=\"https:\/\/groups.google.com\/g\/lac-hiv-crim\">https:\/\/groups.google.com\/g\/lac-hiv-crim<\/a><\/p>\n<p>En vous inscrivant \u00e0 l&rsquo;une de nos listes de diffusion, vous acceptez que les administrateurs de ces listes se r\u00e9servent le droit d&rsquo;ajouter ou de supprimer des membres en fonction des r\u00e8gles d&rsquo;\u00e9ligibilit\u00e9, de contenu et d&rsquo;\u00e9tiquette r\u00e9gissant chaque liste de diffusion. Vous acceptez \u00e9galement qu&rsquo;ils stockent toutes les donn\u00e9es que vous devrez fournir pour vous inscrire \u00e0 ces listes.<\/p>\n<p class=\"p1\"><strong>CONTACTEZ-NOUS<\/strong><\/p>\n<p>Consultez <a href=\"https:\/\/www.hivjusticeworldwide.org\/fr\/about\/\">cette page<\/a> pour savoir comment nous pouvons vous soutenir dans vos activit\u00e9s de plaidoyer. Nous regrettons de ne pas pouvoir fournir d&rsquo;avis juridique, de conseil ou de soutien psychosocial aux individus. Pour nous contacter sur un autre sujet, veuillez remplir le formulaire ci-dessous.<\/p>\n","protected":false},"excerpt":{"rendered":"<p>HIV JUSTICE NEWS Restez inform\u00e9.e.s en vous abonnant \u00e0 la lettre d&rsquo;information du HIV Justice Network\u00a0(disponible uniquement en anglais). BASE DE DONN\u00c9ES MONDIALE SUR LA P\u00c9NALISATION DU VIH Pour trouver des organisations travaillant sur un aspect de la p\u00e9nalisation du VIH (par exemple, le plaidoyer, l&rsquo;\u00e9ducation, les services juridiques, la recherche), vous pouvez consulter la [&hellip;]<\/p>\n","protected":false},"author":1,"featured_media":0,"parent":125,"menu_order":0,"comment_status":"closed","ping_status":"closed","template":"page-contact.php","meta":[],"acf":[],"_links":{"self":[{"href":"https:\/\/www.hivjusticeworldwide.org\/fr\/wp-json\/wp\/v2\/pages\/555"}],"collection":[{"href":"https:\/\/www.hivjusticeworldwide.org\/fr\/wp-json\/wp\/v2\/pages"}],"about":[{"href":"https:\/\/www.hivjusticeworldwide.org\/fr\/wp-json\/wp\/v2\/types\/page"}],"author":[{"embeddable":true,"href":"https:\/\/www.hivjusticeworldwide.org\/fr\/wp-json\/wp\/v2\/users\/1"}],"replies":[{"embeddable":true,"href":"https:\/\/www.hivjusticeworldwide.org\/fr\/wp-json\/wp\/v2\/comments?post=555"}],"version-history":[{"count":15,"href":"https:\/\/www.hivjusticeworldwide.org\/fr\/wp-json\/wp\/v2\/pages\/555\/revisions"}],"predecessor-version":[{"id":4084,"href":"https:\/\/www.hivjusticeworldwide.org\/fr\/wp-json\/wp\/v2\/pages\/555\/revisions\/4084"}],"up":[{"embeddable":true,"href":"https:\/\/www.hivjusticeworldwide.org\/fr\/wp-json\/wp\/v2\/pages\/125"}],"wp:attachment":[{"href":"https:\/\/www.hivjusticeworldwide.org\/fr\/wp-json\/wp\/v2\/media?parent=555"}],"curies":[{"name":"wp","href":"https:\/\/api.w.org\/{rel}","templated":true}]}}